{"id":1952,"date":"2023-05-23T11:54:09","date_gmt":"2023-05-23T09:54:09","guid":{"rendered":"http:\/\/tpcabogados.com\/politica-de-cookies\/"},"modified":"2023-05-30T17:21:32","modified_gmt":"2023-05-30T15:21:32","slug":"politique-en-matiere-de-cookies","status":"publish","type":"page","link":"https:\/\/tpcabogados.com\/fr\/politique-en-matiere-de-cookies\/","title":{"rendered":"Politique en mati\u00e8re de cookies"},"content":{"rendered":"\t\t<div data-elementor-type=\"wp-page\" data-elementor-id=\"1952\" class=\"elementor elementor-1952 elementor-1139\">\n\t\t\t\t\t\t<section class=\"elementor-section elementor-top-section elementor-element elementor-element-3d2480c elementor-section-boxed elementor-section-height-default elementor-section-height-default parallax_section_no qode_elementor_container_no\" data-id=\"3d2480c\" data-element_type=\"section\">\n\t\t\t\t\t\t<div class=\"elementor-container elementor-column-gap-default\">\n\t\t\t\t\t<div class=\"elementor-column elementor-col-100 elementor-top-column elementor-element elementor-element-c560989\" data-id=\"c560989\" data-element_type=\"column\">\n\t\t\t<div class=\"elementor-widget-wrap elementor-element-populated\">\n\t\t\t\t\t\t<div class=\"elementor-element elementor-element-3fafcf7 legal elementor-widget elementor-widget-text-editor\" data-id=\"3fafcf7\" data-element_type=\"widget\" data-widget_type=\"text-editor.default\">\n\t\t\t\t<div class=\"elementor-widget-container\">\n\t\t\t\t\t\t\t\t\t<p>L&rsquo;acc\u00e8s \u00e0 ce site peut impliquer l&rsquo;utilisation de cookies. Les cookies sont de petites quantit\u00e9s d&rsquo;informations qui sont stock\u00e9es dans le navigateur utilis\u00e9 par chaque utilisateur afin que le serveur puisse se souvenir de certaines informations qui pourront \u00eatre utilis\u00e9es ult\u00e9rieurement. Ces informations nous permettent de vous identifier en tant qu&rsquo;utilisateur sp\u00e9cifique et de stocker vos pr\u00e9f\u00e9rences personnelles, ainsi que des informations techniques telles que les visites ou les pages sp\u00e9cifiques que vous visitez. Les utilisateurs qui ne souhaitent pas recevoir de cookies ou qui veulent \u00eatre inform\u00e9s avant qu&rsquo;ils ne soient stock\u00e9s sur leur ordinateur peuvent configurer leur navigateur en cons\u00e9quence. La plupart des navigateurs actuels permettent de g\u00e9rer les cookies de trois mani\u00e8res diff\u00e9rentes:<\/p>\n<ol>\n<li style=\"list-style-type: none;\">\n<ol>\n<li>Les cookies ne sont jamais accept\u00e9s.<\/li>\n<li>Le navigateur demande \u00e0 l&rsquo;utilisateur s&rsquo;il accepte chaque cookie.<\/li>\n<li>Les cookies sont toujours accept\u00e9s.<\/li>\n<\/ol>\n<\/li>\n<\/ol>\n<p>Le navigateur peut \u00e9galement inclure la possibilit\u00e9 de mieux sp\u00e9cifier quels cookies doivent \u00eatre accept\u00e9s et lesquels ne doivent pas l&rsquo;\u00eatre. En particulier, l&rsquo;utilisateur peut normalement accepter l&rsquo;une des options suivantes:<\/p>\n<ol>\n<li style=\"list-style-type: none;\">\n<ol>\n<li>rejeter les cookies provenant de certains domaines;<\/li>\n<li>rejeter les cookies provenant de tiers;<\/li>\n<li>accepter les cookies non persistants (ils sont supprim\u00e9s lorsque le navigateur est ferm\u00e9);<\/li>\n<li>autoriser le serveur \u00e0 cr\u00e9er des cookies pour un domaine diff\u00e9rent.<\/li>\n<\/ol>\n<\/li>\n<\/ol>\n<ul>\n<li>Pour plus d&rsquo;informations sur le navigateur Chrome, <a href=\"http:\/\/support.google.com\/chrome\/answer\/95647?hl=fr\" target=\"_blank\" rel=\"noopener\">cliquez ici<\/a>.<\/li>\n<li>Pour plus d&rsquo;informations sur le navigateur Explorer, <a href=\"https:\/\/support.microsoft.com\/fr-fr\/windows\/supprimer-et-g%C3%A9rer-les-cookies-168dab11-0753-043d-7c16-ede5947fc64d\" target=\"_blank\" rel=\"noopener\">cliquez ici<\/a>.<\/li>\n<li>Pour plus d&rsquo;informations sur le navigateur Firefox, <a href=\"https:\/\/www.mozilla.org\/fr\/privacy\/websites\/\" target=\"_blank\" rel=\"noopener\">cliquez ici<\/a>.<\/li>\n<li>Pour plus d&rsquo;informations sur le navigateur Safari, <a href=\"https:\/\/support.apple.com\/fr-fr\/guide\/safari\/sfri11471\/mac\" target=\"_blank\" rel=\"noopener\">cliquez ici<\/a>.<\/li>\n<\/ul>\n<p>Toutefois, veuillez noter que si vous supprimez les cookies d\u00e9crits ci-dessus, votre navigation sur le site risque d&rsquo;en \u00eatre affect\u00e9e. De plus amples informations sur les cookies sont disponibles ici: <a href=\"https:\/\/fr.wikipedia.org\/wiki\/Cookie_(informatique)\" target=\"_blank\" rel=\"noopener\">Wikipedia<\/a><\/p>\n<h2><\/h2>\n<h2>Balises web<\/h2>\n<p>Ce site peut \u00e9galement h\u00e9berger des balises web (\u00e9galement connues sous le nom de \u00ab\u00a0web bugs\u00a0\u00bb). Les balises web sont g\u00e9n\u00e9ralement de petites images d&rsquo;un pixel sur un pixel, visibles ou invisibles, plac\u00e9es dans le code source des pages web d&rsquo;un site. Les balises web servent et sont utilis\u00e9es de la m\u00eame mani\u00e8re que les cookies. En outre, les pixels invisibles sont souvent utilis\u00e9s pour mesurer le trafic des utilisateurs qui visitent une page web afin d&rsquo;obtenir un profil des utilisateurs d&rsquo;un site. De plus amples informations sur les balises web sont disponibles \u00e0 l&rsquo;adresse suivante: <a href=\"https:\/\/fr.wikipedia.org\/wiki\/Pixel_espion\" target=\"_blank\" rel=\"noopener\">Wikipedia<\/a><\/p>\n<h2><\/h2>\n<h2>Tiers<\/h2>\n<p>Dans certains cas, les informations concernant les visiteurs de ce site sont partag\u00e9es, sur une base anonyme ou agr\u00e9g\u00e9e, avec des tiers tels que des annonceurs, des sponsors ou des auditeurs, dans le seul but d&rsquo;am\u00e9liorer les services offerts sur ce site. Tous ces traitements sont r\u00e9gis par la loi et tous vos droits en mati\u00e8re de protection des donn\u00e9es sont respect\u00e9s conform\u00e9ment \u00e0 la l\u00e9gislation applicable. Ce site mesure le trafic \u00e0 l&rsquo;aide de diff\u00e9rentes solutions qui peuvent utiliser des cookies ou des balises web pour analyser ce qui se passe sur nos pages. Nous utilisons actuellement les solutions suivantes pour mesurer le trafic sur ce site. Vous pouvez obtenir plus d&rsquo;informations sur la politique de confidentialit\u00e9 de chacune des solutions utilis\u00e9es \u00e0 cette fin:<\/p>\n<ul>\n<li><a href=\"https:\/\/policies.google.com\/technologies\/partner-sites?hl=fr\" target=\"_blank\" rel=\"noopener\">Comment Google utilise les donn\u00e9es collect\u00e9es sur les sites web<\/a><\/li>\n<li>Google (Analytics):&nbsp;<a href=\"https:\/\/policies.google.com\/privacy?hl=fr\" target=\"_blank\" rel=\"noopener\">R\u00e8gles de confidentialit\u00e9 de Google Analytics<\/a><\/li>\n<\/ul>\n<p>Ce site peut \u00e9galement contenir de la publicit\u00e9 propre, provenant d&rsquo;affili\u00e9s ou de r\u00e9seaux publicitaires. Ces publicit\u00e9s sont affich\u00e9es par le biais de serveurs publicitaires qui utilisent \u00e9galement des cookies pour afficher des contenus publicitaires pertinents aux utilisateurs. Chacun de ces serveurs publicitaires a sa propre politique de confidentialit\u00e9, qui peut \u00eatre consult\u00e9e sur leurs propres pages web. Les cookies sont des fichiers cr\u00e9\u00e9s dans le navigateur de l&rsquo;utilisateur pour enregistrer son activit\u00e9 sur le site web et lui permettre une exp\u00e9rience de navigation plus fluide et personnalis\u00e9e.<\/p>\t\t\t\t\t\t\t\t<\/div>\n\t\t\t\t<\/div>\n\t\t\t\t<div class=\"elementor-element elementor-element-ebeaee0 elementor-widget elementor-widget-html\" data-id=\"ebeaee0\" data-element_type=\"widget\" data-widget_type=\"html.default\">\n\t\t\t\t<div class=\"elementor-widget-container\">\n\t\t\t\t\t<div class=\"tabla-cookies\">\n<table border=\"1\">\n<thead>\n<tr>\n<td style=\"padding: 4px;\"><strong>Cookie<\/strong><\/td>\n<td style=\"padding: 4px;\"><strong>Nom du cookie<\/strong><\/td>\n<td style=\"padding: 4px;\"><strong>Objectif<\/strong><\/td>\n<td style=\"padding: 4px;\"><strong>Plus d'informations<\/strong><\/td>\n<\/tr>\n<\/thead>\n<tbody>\n<tr>\n<td style=\"padding: 4px;\"><span>Google Analytics<\/span><\/td>\n<td style=\"padding: 4px;\"><span>__utma<br>\n__utmb<br>\n__utmc __utmz<\/span><\/td>\n<td style=\"padding: 4px;\"><span>Collecte des informations anonymes sur la navigation des utilisateurs sur le site web afin de conna\u00eetre l'origine des visites et d'autres donn\u00e9es statistiques similaires. Nous n'utilisons pas ces cookies actuellement.<\/span><\/td>\n<td style=\"padding: 4px;\"><span>\u2013 <a href=\"https:\/\/policies.google.com\/privacy?hl=fr\" target=\"_blank\" rel=\"noopener noreferrer\">Centre de confidentialit\u00e9 de Google<\/a><\/span><br>\n<span>\u2013<a href=\"https:\/\/tools.google.com\/dlpage\/gaoptout?hl=fr\">Module compl\u00e9mentaire de d\u00e9sactivation de Google Analytics<\/a><\/span><\/td>\n<\/tr>\n<\/tbody>\n<\/table>\n<\/div>\t\t\t\t<\/div>\n\t\t\t\t<\/div>\n\t\t\t\t\t<\/div>\n\t\t<\/div>\n\t\t\t\t\t<\/div>\n\t\t<\/section>\n\t\t\t\t<\/div>\n\t\t","protected":false},"excerpt":{"rendered":"<p>L&rsquo;acc\u00e8s \u00e0 ce site peut impliquer l&rsquo;utilisation de cookies. Les cookies sont de petites quantit\u00e9s d&rsquo;informations qui sont stock\u00e9es dans le navigateur utilis\u00e9 par chaque utilisateur afin que le serveur puisse se souvenir de certaines informations qui pourront \u00eatre utilis\u00e9es ult\u00e9rieurement. Ces informations nous permettent&#8230;<\/p>\n","protected":false},"author":3,"featured_media":0,"parent":0,"menu_order":0,"comment_status":"closed","ping_status":"closed","template":"","meta":{"_monsterinsights_skip_tracking":false,"_monsterinsights_sitenote_active":false,"_monsterinsights_sitenote_note":"","_monsterinsights_sitenote_category":0,"footnotes":""},"class_list":["post-1952","page","type-page","status-publish","hentry"],"yoast_head":"<!-- This site is optimized with the Yoast SEO plugin v26.6 - https:\/\/yoast.com\/wordpress\/plugins\/seo\/ -->\n<title>Politique en mati\u00e8re de cookies | TPC Abogados<\/title>\n<meta name=\"robots\" content=\"noindex, nofollow\" \/>\n<meta property=\"og:locale\" content=\"fr_FR\" \/>\n<meta property=\"og:type\" content=\"article\" \/>\n<meta property=\"og:title\" content=\"Politique en mati\u00e8re de cookies | TPC Abogados\" \/>\n<meta property=\"og:description\" content=\"L&rsquo;acc\u00e8s \u00e0 ce site peut impliquer l&rsquo;utilisation de cookies. Les cookies sont de petites quantit\u00e9s d&rsquo;informations qui sont stock\u00e9es dans le navigateur utilis\u00e9 par chaque utilisateur afin que le serveur puisse se souvenir de certaines informations qui pourront \u00eatre utilis\u00e9es ult\u00e9rieurement. Ces informations nous permettent...\" \/>\n<meta property=\"og:url\" content=\"https:\/\/tpcabogados.com\/fr\/politique-en-matiere-de-cookies\/\" \/>\n<meta property=\"og:site_name\" content=\"TPC Abogados\" \/>\n<meta property=\"article:modified_time\" content=\"2023-05-30T15:21:32+00:00\" \/>\n<meta name=\"twitter:card\" content=\"summary_large_image\" \/>\n<script type=\"application\/ld+json\" class=\"yoast-schema-graph\">{\"@context\":\"https:\/\/schema.org\",\"@graph\":[{\"@type\":\"WebPage\",\"@id\":\"https:\/\/tpcabogados.com\/fr\/politique-en-matiere-de-cookies\/\",\"url\":\"https:\/\/tpcabogados.com\/fr\/politique-en-matiere-de-cookies\/\",\"name\":\"Politique en mati\u00e8re de cookies | TPC Abogados\",\"isPartOf\":{\"@id\":\"https:\/\/tpcabogados.com\/fr\/#website\"},\"datePublished\":\"2023-05-23T09:54:09+00:00\",\"dateModified\":\"2023-05-30T15:21:32+00:00\",\"breadcrumb\":{\"@id\":\"https:\/\/tpcabogados.com\/fr\/politique-en-matiere-de-cookies\/#breadcrumb\"},\"inLanguage\":\"fr-FR\",\"potentialAction\":[{\"@type\":\"ReadAction\",\"target\":[\"https:\/\/tpcabogados.com\/fr\/politique-en-matiere-de-cookies\/\"]}]},{\"@type\":\"BreadcrumbList\",\"@id\":\"https:\/\/tpcabogados.com\/fr\/politique-en-matiere-de-cookies\/#breadcrumb\",\"itemListElement\":[{\"@type\":\"ListItem\",\"position\":1,\"name\":\"Portada\",\"item\":\"https:\/\/tpcabogados.com\/fr\/\"},{\"@type\":\"ListItem\",\"position\":2,\"name\":\"Politique en mati\u00e8re de cookies\"}]},{\"@type\":\"WebSite\",\"@id\":\"https:\/\/tpcabogados.com\/fr\/#website\",\"url\":\"https:\/\/tpcabogados.com\/fr\/\",\"name\":\"TPC Abogados\",\"description\":\"Desarrollamos tu negocio con asesoramiento jur\u00eddico biling\u00fce en Francia\",\"publisher\":{\"@id\":\"https:\/\/tpcabogados.com\/fr\/#organization\"},\"potentialAction\":[{\"@type\":\"SearchAction\",\"target\":{\"@type\":\"EntryPoint\",\"urlTemplate\":\"https:\/\/tpcabogados.com\/fr\/?s={search_term_string}\"},\"query-input\":{\"@type\":\"PropertyValueSpecification\",\"valueRequired\":true,\"valueName\":\"search_term_string\"}}],\"inLanguage\":\"fr-FR\"},{\"@type\":\"Organization\",\"@id\":\"https:\/\/tpcabogados.com\/fr\/#organization\",\"name\":\"TPC Abogados\",\"url\":\"https:\/\/tpcabogados.com\/fr\/\",\"logo\":{\"@type\":\"ImageObject\",\"inLanguage\":\"fr-FR\",\"@id\":\"https:\/\/tpcabogados.com\/fr\/#\/schema\/logo\/image\/\",\"url\":\"http:\/\/tpcabogados.com\/wp-content\/uploads\/2023\/05\/logo-tpc-abogados-black.png\",\"contentUrl\":\"http:\/\/tpcabogados.com\/wp-content\/uploads\/2023\/05\/logo-tpc-abogados-black.png\",\"width\":1391,\"height\":200,\"caption\":\"TPC Abogados\"},\"image\":{\"@id\":\"https:\/\/tpcabogados.com\/fr\/#\/schema\/logo\/image\/\"}}]}<\/script>\n<!-- \/ Yoast SEO plugin. -->","yoast_head_json":{"title":"Politique en mati\u00e8re de cookies | TPC Abogados","robots":{"index":"noindex","follow":"nofollow"},"og_locale":"fr_FR","og_type":"article","og_title":"Politique en mati\u00e8re de cookies | TPC Abogados","og_description":"L&rsquo;acc\u00e8s \u00e0 ce site peut impliquer l&rsquo;utilisation de cookies. Les cookies sont de petites quantit\u00e9s d&rsquo;informations qui sont stock\u00e9es dans le navigateur utilis\u00e9 par chaque utilisateur afin que le serveur puisse se souvenir de certaines informations qui pourront \u00eatre utilis\u00e9es ult\u00e9rieurement. Ces informations nous permettent...","og_url":"https:\/\/tpcabogados.com\/fr\/politique-en-matiere-de-cookies\/","og_site_name":"TPC Abogados","article_modified_time":"2023-05-30T15:21:32+00:00","twitter_card":"summary_large_image","schema":{"@context":"https:\/\/schema.org","@graph":[{"@type":"WebPage","@id":"https:\/\/tpcabogados.com\/fr\/politique-en-matiere-de-cookies\/","url":"https:\/\/tpcabogados.com\/fr\/politique-en-matiere-de-cookies\/","name":"Politique en mati\u00e8re de cookies | TPC Abogados","isPartOf":{"@id":"https:\/\/tpcabogados.com\/fr\/#website"},"datePublished":"2023-05-23T09:54:09+00:00","dateModified":"2023-05-30T15:21:32+00:00","breadcrumb":{"@id":"https:\/\/tpcabogados.com\/fr\/politique-en-matiere-de-cookies\/#breadcrumb"},"inLanguage":"fr-FR","potentialAction":[{"@type":"ReadAction","target":["https:\/\/tpcabogados.com\/fr\/politique-en-matiere-de-cookies\/"]}]},{"@type":"BreadcrumbList","@id":"https:\/\/tpcabogados.com\/fr\/politique-en-matiere-de-cookies\/#breadcrumb","itemListElement":[{"@type":"ListItem","position":1,"name":"Portada","item":"https:\/\/tpcabogados.com\/fr\/"},{"@type":"ListItem","position":2,"name":"Politique en mati\u00e8re de cookies"}]},{"@type":"WebSite","@id":"https:\/\/tpcabogados.com\/fr\/#website","url":"https:\/\/tpcabogados.com\/fr\/","name":"TPC Abogados","description":"Desarrollamos tu negocio con asesoramiento jur\u00eddico biling\u00fce en Francia","publisher":{"@id":"https:\/\/tpcabogados.com\/fr\/#organization"},"potentialAction":[{"@type":"SearchAction","target":{"@type":"EntryPoint","urlTemplate":"https:\/\/tpcabogados.com\/fr\/?s={search_term_string}"},"query-input":{"@type":"PropertyValueSpecification","valueRequired":true,"valueName":"search_term_string"}}],"inLanguage":"fr-FR"},{"@type":"Organization","@id":"https:\/\/tpcabogados.com\/fr\/#organization","name":"TPC Abogados","url":"https:\/\/tpcabogados.com\/fr\/","logo":{"@type":"ImageObject","inLanguage":"fr-FR","@id":"https:\/\/tpcabogados.com\/fr\/#\/schema\/logo\/image\/","url":"http:\/\/tpcabogados.com\/wp-content\/uploads\/2023\/05\/logo-tpc-abogados-black.png","contentUrl":"http:\/\/tpcabogados.com\/wp-content\/uploads\/2023\/05\/logo-tpc-abogados-black.png","width":1391,"height":200,"caption":"TPC Abogados"},"image":{"@id":"https:\/\/tpcabogados.com\/fr\/#\/schema\/logo\/image\/"}}]}},"_links":{"self":[{"href":"https:\/\/tpcabogados.com\/fr\/wp-json\/wp\/v2\/pages\/1952","targetHints":{"allow":["GET"]}}],"collection":[{"href":"https:\/\/tpcabogados.com\/fr\/wp-json\/wp\/v2\/pages"}],"about":[{"href":"https:\/\/tpcabogados.com\/fr\/wp-json\/wp\/v2\/types\/page"}],"author":[{"embeddable":true,"href":"https:\/\/tpcabogados.com\/fr\/wp-json\/wp\/v2\/users\/3"}],"replies":[{"embeddable":true,"href":"https:\/\/tpcabogados.com\/fr\/wp-json\/wp\/v2\/comments?post=1952"}],"version-history":[{"count":31,"href":"https:\/\/tpcabogados.com\/fr\/wp-json\/wp\/v2\/pages\/1952\/revisions"}],"predecessor-version":[{"id":2006,"href":"https:\/\/tpcabogados.com\/fr\/wp-json\/wp\/v2\/pages\/1952\/revisions\/2006"}],"wp:attachment":[{"href":"https:\/\/tpcabogados.com\/fr\/wp-json\/wp\/v2\/media?parent=1952"}],"curies":[{"name":"wp","href":"https:\/\/api.w.org\/{rel}","templated":true}]}}