{"id":1928,"date":"2023-05-23T11:50:12","date_gmt":"2023-05-23T09:50:12","guid":{"rendered":"http:\/\/tpcabogados.com\/politica-de-privacidad\/"},"modified":"2023-05-29T13:56:45","modified_gmt":"2023-05-29T11:56:45","slug":"politique-de-confidentialite","status":"publish","type":"page","link":"https:\/\/tpcabogados.com\/fr\/politique-de-confidentialite\/","title":{"rendered":"Politique de confidentialit\u00e9"},"content":{"rendered":"\t\t<div data-elementor-type=\"wp-page\" data-elementor-id=\"1928\" class=\"elementor elementor-1928 elementor-1134\">\n\t\t\t\t\t\t<section class=\"elementor-section elementor-top-section elementor-element elementor-element-3d2480c elementor-section-boxed elementor-section-height-default elementor-section-height-default parallax_section_no qode_elementor_container_no\" data-id=\"3d2480c\" data-element_type=\"section\">\n\t\t\t\t\t\t<div class=\"elementor-container elementor-column-gap-default\">\n\t\t\t\t\t<div class=\"elementor-column elementor-col-100 elementor-top-column elementor-element elementor-element-c560989\" data-id=\"c560989\" data-element_type=\"column\">\n\t\t\t<div class=\"elementor-widget-wrap elementor-element-populated\">\n\t\t\t\t\t\t<div class=\"elementor-element elementor-element-3fafcf7 legal elementor-widget elementor-widget-text-editor\" data-id=\"3fafcf7\" data-element_type=\"widget\" data-widget_type=\"text-editor.default\">\n\t\t\t\t<div class=\"elementor-widget-container\">\n\t\t\t\t\t\t\t\t\t<p>La pr\u00e9sente politique de confidentialit\u00e9 d\u00e9finit la mani\u00e8re dont TPC ABOGADOS\/AVOCATS (ci-apr\u00e8s \u00ab\u00a0nous\u00a0\u00bb, \u00ab\u00a0notre\u00a0\u00bb, \u00ab\u00a0nos\u00a0\u00bb ou \u00ab\u00a0la soci\u00e9t\u00e9\u00a0\u00bb) recueille, utilise, prot\u00e8ge et divulgue les informations personnelles que les utilisateurs (ci-apr\u00e8s \u00ab\u00a0vous\u00a0\u00bb ou \u00ab\u00a0l&rsquo;utilisateur\u00a0\u00bb) fournissent lorsqu&rsquo;ils acc\u00e8dent \u00e0 notre site web et l&rsquo;utilisent.<\/p>\n<p><br><\/p>\n<h2>Informations collect\u00e9es<\/h2>\n<p>Nous pouvons recueillir des informations personnellement identifiables, telles que votre nom, votre adresse \u00e9lectronique, votre num\u00e9ro de t\u00e9l\u00e9phone et d&rsquo;autres informations pertinentes, lorsque vous nous les fournissez volontairement en remplissant des formulaires de contact, en vous abonnant \u00e0 nos services ou en posant des questions par l&rsquo;interm\u00e9diaire du site web.<\/p>\n<p><br><\/p>\n<p>En outre, nous pouvons collecter des informations non personnellement identifiables, telles que des donn\u00e9es statistiques ou de navigation, qui sont automatiquement obtenues lorsque vous visitez notre site web gr\u00e2ce \u00e0 l&rsquo;utilisation de cookies ou d&rsquo;autres technologies de suivi. Ces donn\u00e9es ne sont pas li\u00e9es \u00e0 votre identit\u00e9 et sont utilis\u00e9es \u00e0 des fins d&rsquo;analyse et d&rsquo;am\u00e9lioration du site web.<\/p>\n<p><br><\/p>\n<h2>Utilisation des informations<\/h2>\n<p>Les informations personnelles que nous recueillons peuvent \u00eatre utilis\u00e9es aux fins suivantes:<\/p>\n<p><br><\/p>\n<p>Traiter et r\u00e9pondre \u00e0 vos questions, demandes et commentaires.<\/p>\n<p>Vous fournir les services juridiques demand\u00e9s.<\/p>\n<p>Vous envoyer des communications relatives \u00e0 nos services, telles que des mises \u00e0 jour, des bulletins d&rsquo;information ou des promotions, \u00e0 condition que vous ayez express\u00e9ment consenti \u00e0 recevoir de telles communications.<\/p>\n<p>Am\u00e9liorer et personnaliser votre exp\u00e9rience sur notre site web.<\/p>\n<p>Respecter nos obligations l\u00e9gales et r\u00e9soudre tout litige ou conflit.<\/p>\n<p>Protection des informations<\/p>\n<p>Nous prenons toutes les mesures raisonnables pour prot\u00e9ger les informations personnelles que nous recueillons contre l&rsquo;acc\u00e8s, la divulgation, l&rsquo;alt\u00e9ration ou la destruction non autoris\u00e9s. Toutefois, veuillez noter qu&rsquo;aucune transmission de donn\u00e9es sur l&rsquo;internet ou aucun stockage \u00e9lectronique ne peut \u00eatre garanti comme \u00e9tant absolument s\u00fbr.<\/p>\n<p><br><\/p>\n<h2>Divulgation d&rsquo;informations<\/h2>\n<p>Nous pouvons partager vos informations personnelles avec des tiers dans les circonstances suivantes:<\/p>\n<p><br><\/p>\n<ul>\n<li style=\"font-weight: 400;\" aria-level=\"1\">Avec des prestataires de services tiers qui nous aident \u00e0 fournir nos services, \u00e0 condition qu&rsquo;ils soient soumis \u00e0 des accords de confidentialit\u00e9 appropri\u00e9s.<\/li>\n<li style=\"font-weight: 400;\" aria-level=\"1\">Lorsque la loi ou une proc\u00e9dure judiciaire l&rsquo;exige.<\/li>\n<li style=\"font-weight: 400;\" aria-level=\"1\">En cas de fusion, d&rsquo;acquisition ou de vente de la totalit\u00e9 ou de la quasi-totalit\u00e9 des actifs de l&rsquo;entreprise, auquel cas nous vous en informerons et obtiendrons votre consentement pr\u00e9alable, si la loi l&rsquo;exige.<\/li>\n<li style=\"font-weight: 400;\" aria-level=\"1\">Liens vers des sites web de tiers.<\/li>\n<\/ul>\n<p><br><\/p><p>Notre site web peut contenir des liens vers des sites web de tiers. Nous ne sommes pas responsables des pratiques de ces sites en mati\u00e8re de protection de la vie priv\u00e9e et nous vous encourageons \u00e0 consulter les politiques de protection de la vie priv\u00e9e de chaque site web auquel vous acc\u00e9dez \u00e0 partir de notre site.<\/p>\n<p><br><\/p>\n<h2>Droits de l&rsquo;utilisateur<\/h2>\n<p>Vous avez le droit d&rsquo;acc\u00e9der, de corriger, de mettre \u00e0 jour ou de supprimer les informations personnelles que nous d\u00e9tenons \u00e0 votre sujet. Si vous souhaitez exercer l&rsquo;un de ces droits, veuillez nous contacter en utilisant les coordonn\u00e9es indiqu\u00e9es \u00e0 la fin de la pr\u00e9sente politique de confidentialit\u00e9.<\/p>\n<p><br><\/p>\n<h2>Modifications de la politique de confidentialit\u00e9<\/h2>\n<p>Nous nous r\u00e9servons le droit de modifier ou de mettre \u00e0 jour la pr\u00e9sente politique de confidentialit\u00e9 \u00e0 tout moment. Nous vous encourageons \u00e0 consulter r\u00e9guli\u00e8rement cette page pour prendre connaissance des \u00e9ventuelles modifications. En continuant \u00e0 utiliser notre site web apr\u00e8s la publication de modifications, vous acceptez ces modifications.<\/p>\n<p><br><\/p>\n<h2>Contact<\/h2>\n<p>Si vous avez des questions, des pr\u00e9occupations ou des demandes concernant la pr\u00e9sente politique de confidentialit\u00e9, n&rsquo;h\u00e9sitez pas \u00e0 nous contacter en utilisant les coordonn\u00e9es ci-dessous:<\/p><p><br><\/p>\n<p><span style=\"font-weight: 400;\">Mar\u00eda Teresa P\u00e9rez Cruz<\/span><\/p>\n<p><span style=\"font-weight: 400;\">+34.625.27.58.56<\/span><\/p>\n<p><span style=\"font-weight: 400;\">info@tpcabogados.com<\/span><\/p><p><span style=\"font-weight: 400;\"><br><\/span><\/p>\n<p>Date de la derni\u00e8re mise \u00e0 jour : 22 mai 2023<\/p>\t\t\t\t\t\t\t\t<\/div>\n\t\t\t\t<\/div>\n\t\t\t\t\t<\/div>\n\t\t<\/div>\n\t\t\t\t\t<\/div>\n\t\t<\/section>\n\t\t\t\t<\/div>\n\t\t","protected":false},"excerpt":{"rendered":"<p>La pr\u00e9sente politique de confidentialit\u00e9 d\u00e9finit la mani\u00e8re dont TPC ABOGADOS\/AVOCATS (ci-apr\u00e8s \u00ab\u00a0nous\u00a0\u00bb, \u00ab\u00a0notre\u00a0\u00bb, \u00ab\u00a0nos\u00a0\u00bb ou \u00ab\u00a0la soci\u00e9t\u00e9\u00a0\u00bb) recueille, utilise, prot\u00e8ge et divulgue les informations personnelles que les utilisateurs (ci-apr\u00e8s \u00ab\u00a0vous\u00a0\u00bb ou \u00ab\u00a0l&rsquo;utilisateur\u00a0\u00bb) fournissent lorsqu&rsquo;ils acc\u00e8dent \u00e0 notre site web et l&rsquo;utilisent. Informations collect\u00e9es Nous&#8230;<\/p>\n","protected":false},"author":3,"featured_media":0,"parent":0,"menu_order":0,"comment_status":"closed","ping_status":"closed","template":"","meta":{"_monsterinsights_skip_tracking":false,"_monsterinsights_sitenote_active":false,"_monsterinsights_sitenote_note":"","_monsterinsights_sitenote_category":0,"footnotes":""},"class_list":["post-1928","page","type-page","status-publish","hentry"],"yoast_head":"<!-- This site is optimized with the Yoast SEO plugin v26.6 - https:\/\/yoast.com\/wordpress\/plugins\/seo\/ -->\n<title>Politique de confidentialit\u00e9 | TPC Abogados<\/title>\n<meta name=\"robots\" content=\"noindex, nofollow\" \/>\n<meta property=\"og:locale\" content=\"fr_FR\" \/>\n<meta property=\"og:type\" content=\"article\" \/>\n<meta property=\"og:title\" content=\"Politique de confidentialit\u00e9 | TPC Abogados\" \/>\n<meta property=\"og:description\" content=\"La pr\u00e9sente politique de confidentialit\u00e9 d\u00e9finit la mani\u00e8re dont TPC ABOGADOS\/AVOCATS (ci-apr\u00e8s \u00ab\u00a0nous\u00a0\u00bb, \u00ab\u00a0notre\u00a0\u00bb, \u00ab\u00a0nos\u00a0\u00bb ou \u00ab\u00a0la soci\u00e9t\u00e9\u00a0\u00bb) recueille, utilise, prot\u00e8ge et divulgue les informations personnelles que les utilisateurs (ci-apr\u00e8s \u00ab\u00a0vous\u00a0\u00bb ou \u00ab\u00a0l&rsquo;utilisateur\u00a0\u00bb) fournissent lorsqu&rsquo;ils acc\u00e8dent \u00e0 notre site web et l&rsquo;utilisent. Informations collect\u00e9es Nous...\" \/>\n<meta property=\"og:url\" content=\"https:\/\/tpcabogados.com\/fr\/politique-de-confidentialite\/\" \/>\n<meta property=\"og:site_name\" content=\"TPC Abogados\" \/>\n<meta property=\"article:modified_time\" content=\"2023-05-29T11:56:45+00:00\" \/>\n<meta name=\"twitter:card\" content=\"summary_large_image\" \/>\n<script type=\"application\/ld+json\" class=\"yoast-schema-graph\">{\"@context\":\"https:\/\/schema.org\",\"@graph\":[{\"@type\":\"WebPage\",\"@id\":\"https:\/\/tpcabogados.com\/fr\/politique-de-confidentialite\/\",\"url\":\"https:\/\/tpcabogados.com\/fr\/politique-de-confidentialite\/\",\"name\":\"Politique de confidentialit\u00e9 | TPC Abogados\",\"isPartOf\":{\"@id\":\"https:\/\/tpcabogados.com\/fr\/#website\"},\"datePublished\":\"2023-05-23T09:50:12+00:00\",\"dateModified\":\"2023-05-29T11:56:45+00:00\",\"breadcrumb\":{\"@id\":\"https:\/\/tpcabogados.com\/fr\/politique-de-confidentialite\/#breadcrumb\"},\"inLanguage\":\"fr-FR\",\"potentialAction\":[{\"@type\":\"ReadAction\",\"target\":[\"https:\/\/tpcabogados.com\/fr\/politique-de-confidentialite\/\"]}]},{\"@type\":\"BreadcrumbList\",\"@id\":\"https:\/\/tpcabogados.com\/fr\/politique-de-confidentialite\/#breadcrumb\",\"itemListElement\":[{\"@type\":\"ListItem\",\"position\":1,\"name\":\"Portada\",\"item\":\"https:\/\/tpcabogados.com\/fr\/\"},{\"@type\":\"ListItem\",\"position\":2,\"name\":\"Politique de confidentialit\u00e9\"}]},{\"@type\":\"WebSite\",\"@id\":\"https:\/\/tpcabogados.com\/fr\/#website\",\"url\":\"https:\/\/tpcabogados.com\/fr\/\",\"name\":\"TPC Abogados\",\"description\":\"Desarrollamos tu negocio con asesoramiento jur\u00eddico biling\u00fce en Francia\",\"publisher\":{\"@id\":\"https:\/\/tpcabogados.com\/fr\/#organization\"},\"potentialAction\":[{\"@type\":\"SearchAction\",\"target\":{\"@type\":\"EntryPoint\",\"urlTemplate\":\"https:\/\/tpcabogados.com\/fr\/?s={search_term_string}\"},\"query-input\":{\"@type\":\"PropertyValueSpecification\",\"valueRequired\":true,\"valueName\":\"search_term_string\"}}],\"inLanguage\":\"fr-FR\"},{\"@type\":\"Organization\",\"@id\":\"https:\/\/tpcabogados.com\/fr\/#organization\",\"name\":\"TPC Abogados\",\"url\":\"https:\/\/tpcabogados.com\/fr\/\",\"logo\":{\"@type\":\"ImageObject\",\"inLanguage\":\"fr-FR\",\"@id\":\"https:\/\/tpcabogados.com\/fr\/#\/schema\/logo\/image\/\",\"url\":\"http:\/\/tpcabogados.com\/wp-content\/uploads\/2023\/05\/logo-tpc-abogados-black.png\",\"contentUrl\":\"http:\/\/tpcabogados.com\/wp-content\/uploads\/2023\/05\/logo-tpc-abogados-black.png\",\"width\":1391,\"height\":200,\"caption\":\"TPC Abogados\"},\"image\":{\"@id\":\"https:\/\/tpcabogados.com\/fr\/#\/schema\/logo\/image\/\"}}]}<\/script>\n<!-- \/ Yoast SEO plugin. -->","yoast_head_json":{"title":"Politique de confidentialit\u00e9 | TPC Abogados","robots":{"index":"noindex","follow":"nofollow"},"og_locale":"fr_FR","og_type":"article","og_title":"Politique de confidentialit\u00e9 | TPC Abogados","og_description":"La pr\u00e9sente politique de confidentialit\u00e9 d\u00e9finit la mani\u00e8re dont TPC ABOGADOS\/AVOCATS (ci-apr\u00e8s \u00ab\u00a0nous\u00a0\u00bb, \u00ab\u00a0notre\u00a0\u00bb, \u00ab\u00a0nos\u00a0\u00bb ou \u00ab\u00a0la soci\u00e9t\u00e9\u00a0\u00bb) recueille, utilise, prot\u00e8ge et divulgue les informations personnelles que les utilisateurs (ci-apr\u00e8s \u00ab\u00a0vous\u00a0\u00bb ou \u00ab\u00a0l&rsquo;utilisateur\u00a0\u00bb) fournissent lorsqu&rsquo;ils acc\u00e8dent \u00e0 notre site web et l&rsquo;utilisent. Informations collect\u00e9es Nous...","og_url":"https:\/\/tpcabogados.com\/fr\/politique-de-confidentialite\/","og_site_name":"TPC Abogados","article_modified_time":"2023-05-29T11:56:45+00:00","twitter_card":"summary_large_image","schema":{"@context":"https:\/\/schema.org","@graph":[{"@type":"WebPage","@id":"https:\/\/tpcabogados.com\/fr\/politique-de-confidentialite\/","url":"https:\/\/tpcabogados.com\/fr\/politique-de-confidentialite\/","name":"Politique de confidentialit\u00e9 | TPC Abogados","isPartOf":{"@id":"https:\/\/tpcabogados.com\/fr\/#website"},"datePublished":"2023-05-23T09:50:12+00:00","dateModified":"2023-05-29T11:56:45+00:00","breadcrumb":{"@id":"https:\/\/tpcabogados.com\/fr\/politique-de-confidentialite\/#breadcrumb"},"inLanguage":"fr-FR","potentialAction":[{"@type":"ReadAction","target":["https:\/\/tpcabogados.com\/fr\/politique-de-confidentialite\/"]}]},{"@type":"BreadcrumbList","@id":"https:\/\/tpcabogados.com\/fr\/politique-de-confidentialite\/#breadcrumb","itemListElement":[{"@type":"ListItem","position":1,"name":"Portada","item":"https:\/\/tpcabogados.com\/fr\/"},{"@type":"ListItem","position":2,"name":"Politique de confidentialit\u00e9"}]},{"@type":"WebSite","@id":"https:\/\/tpcabogados.com\/fr\/#website","url":"https:\/\/tpcabogados.com\/fr\/","name":"TPC Abogados","description":"Desarrollamos tu negocio con asesoramiento jur\u00eddico biling\u00fce en Francia","publisher":{"@id":"https:\/\/tpcabogados.com\/fr\/#organization"},"potentialAction":[{"@type":"SearchAction","target":{"@type":"EntryPoint","urlTemplate":"https:\/\/tpcabogados.com\/fr\/?s={search_term_string}"},"query-input":{"@type":"PropertyValueSpecification","valueRequired":true,"valueName":"search_term_string"}}],"inLanguage":"fr-FR"},{"@type":"Organization","@id":"https:\/\/tpcabogados.com\/fr\/#organization","name":"TPC Abogados","url":"https:\/\/tpcabogados.com\/fr\/","logo":{"@type":"ImageObject","inLanguage":"fr-FR","@id":"https:\/\/tpcabogados.com\/fr\/#\/schema\/logo\/image\/","url":"http:\/\/tpcabogados.com\/wp-content\/uploads\/2023\/05\/logo-tpc-abogados-black.png","contentUrl":"http:\/\/tpcabogados.com\/wp-content\/uploads\/2023\/05\/logo-tpc-abogados-black.png","width":1391,"height":200,"caption":"TPC Abogados"},"image":{"@id":"https:\/\/tpcabogados.com\/fr\/#\/schema\/logo\/image\/"}}]}},"_links":{"self":[{"href":"https:\/\/tpcabogados.com\/fr\/wp-json\/wp\/v2\/pages\/1928","targetHints":{"allow":["GET"]}}],"collection":[{"href":"https:\/\/tpcabogados.com\/fr\/wp-json\/wp\/v2\/pages"}],"about":[{"href":"https:\/\/tpcabogados.com\/fr\/wp-json\/wp\/v2\/types\/page"}],"author":[{"embeddable":true,"href":"https:\/\/tpcabogados.com\/fr\/wp-json\/wp\/v2\/users\/3"}],"replies":[{"embeddable":true,"href":"https:\/\/tpcabogados.com\/fr\/wp-json\/wp\/v2\/comments?post=1928"}],"version-history":[{"count":16,"href":"https:\/\/tpcabogados.com\/fr\/wp-json\/wp\/v2\/pages\/1928\/revisions"}],"predecessor-version":[{"id":1955,"href":"https:\/\/tpcabogados.com\/fr\/wp-json\/wp\/v2\/pages\/1928\/revisions\/1955"}],"wp:attachment":[{"href":"https:\/\/tpcabogados.com\/fr\/wp-json\/wp\/v2\/media?parent=1928"}],"curies":[{"name":"wp","href":"https:\/\/api.w.org\/{rel}","templated":true}]}}