{"id":1910,"date":"2020-02-05T12:36:25","date_gmt":"2020-02-05T11:36:25","guid":{"rendered":"http:\/\/tpcabogados.com\/contacto\/"},"modified":"2023-09-19T13:52:14","modified_gmt":"2023-09-19T11:52:14","slug":"contact","status":"publish","type":"page","link":"https:\/\/tpcabogados.com\/fr\/contact\/","title":{"rendered":"Contact"},"content":{"rendered":"\t\t<div data-elementor-type=\"wp-page\" data-elementor-id=\"1910\" class=\"elementor elementor-1910 elementor-218\">\n\t\t\t\t\t\t<section class=\"elementor-section elementor-top-section elementor-element elementor-element-8608866 elementor-section-full_width qode_elementor_container_inner elementor-section-height-default elementor-section-height-default parallax_section_no\" data-id=\"8608866\" data-element_type=\"section\">\n\t\t\t\t\t\t<div class=\"elementor-container elementor-column-gap-default\">\n\t\t\t\t\t<div class=\"elementor-column elementor-col-33 elementor-top-column elementor-element elementor-element-f269a0a\" data-id=\"f269a0a\" data-element_type=\"column\">\n\t\t\t<div class=\"elementor-widget-wrap elementor-element-populated\">\n\t\t\t\t\t\t<div class=\"elementor-element elementor-element-59a48c5 elementor-hidden-tablet elementor-hidden-mobile elementor-widget elementor-widget-heading\" data-id=\"59a48c5\" data-element_type=\"widget\" data-widget_type=\"heading.default\">\n\t\t\t\t<div class=\"elementor-widget-container\">\n\t\t\t\t\t<h2 class=\"elementor-heading-title elementor-size-default\">Contact<\/h2>\t\t\t\t<\/div>\n\t\t\t\t<\/div>\n\t\t\t\t<div class=\"elementor-element elementor-element-26b45b1 elementor-widget elementor-widget-bridge_cf_7\" data-id=\"26b45b1\" data-element_type=\"widget\" data-widget_type=\"bridge_cf_7.default\">\n\t\t\t\t<div class=\"elementor-widget-container\">\n\t\t\t\t\t    <div class=\"qode-contact-form-7 qode-contact-form-7-0\">\n    \n<div class=\"wpcf7 no-js\" id=\"wpcf7-f1823-o1\" lang=\"fr-FR\" dir=\"ltr\" data-wpcf7-id=\"1823\">\n<div class=\"screen-reader-response\"><p role=\"status\" aria-live=\"polite\" aria-atomic=\"true\"><\/p> <ul><\/ul><\/div>\n<form action=\"\/fr\/wp-json\/wp\/v2\/pages\/1910#wpcf7-f1823-o1\" method=\"post\" class=\"wpcf7-form init cf7_custom_style_1\" aria-label=\"Formulaire de contact\" novalidate=\"novalidate\" data-status=\"init\">\n<fieldset class=\"hidden-fields-container\"><input type=\"hidden\" name=\"_wpcf7\" value=\"1823\" \/><input type=\"hidden\" name=\"_wpcf7_version\" value=\"6.1.4\" \/><input type=\"hidden\" name=\"_wpcf7_locale\" value=\"fr_FR\" \/><input type=\"hidden\" name=\"_wpcf7_unit_tag\" value=\"wpcf7-f1823-o1\" \/><input type=\"hidden\" name=\"_wpcf7_container_post\" value=\"0\" \/><input type=\"hidden\" name=\"_wpcf7_posted_data_hash\" value=\"\" \/>\n<\/fieldset>\n<div id=\"formulario-contacto\">\n<div id=\"campo-nombre\"><span class=\"wpcf7-form-control-wrap\" data-name=\"nombre\"><input size=\"40\" maxlength=\"400\" class=\"wpcf7-form-control wpcf7-text wpcf7-validates-as-required\" aria-required=\"true\" aria-invalid=\"false\" placeholder=\"Pr\u00e9nom *\" value=\"\" type=\"text\" name=\"nombre\" \/><\/span><\/div><div id=\"campo-apellidos\"><span class=\"wpcf7-form-control-wrap\" data-name=\"Apellidos\"><input size=\"40\" maxlength=\"400\" class=\"wpcf7-form-control wpcf7-text wpcf7-validates-as-required\" aria-required=\"true\" aria-invalid=\"false\" placeholder=\"Nom *\" value=\"\" type=\"text\" name=\"Apellidos\" \/><\/span><\/div>\n<div id=\"campo-tlfno\"><span class=\"wpcf7-form-control-wrap\" data-name=\"tlfno\"><input size=\"40\" maxlength=\"400\" class=\"wpcf7-form-control wpcf7-tel wpcf7-validates-as-required wpcf7-text wpcf7-validates-as-tel\" id=\"tlfno\" aria-required=\"true\" aria-invalid=\"false\" placeholder=\"T\u00e9l\u00e9phone *\" value=\"\" type=\"tel\" name=\"tlfno\" \/><\/span><\/div><div id=\"campo-asunto\"><span class=\"wpcf7-form-control-wrap\" data-name=\"email\"><input size=\"40\" maxlength=\"400\" class=\"wpcf7-form-control wpcf7-email wpcf7-validates-as-required wpcf7-text wpcf7-validates-as-email\" aria-required=\"true\" aria-invalid=\"false\" placeholder=\"Email *\" value=\"\" type=\"email\" name=\"email\" \/><\/span><\/div>\n\n<span class=\"wpcf7-form-control-wrap\" data-name=\"mensaje\"><textarea cols=\"40\" rows=\"10\" maxlength=\"2000\" class=\"wpcf7-form-control wpcf7-textarea\" aria-invalid=\"false\" placeholder=\"Message *\" name=\"mensaje\"><\/textarea><\/span>\n\n<span class=\"wpcf7-form-control-wrap\" data-name=\"casilla-privacidad\"><span class=\"wpcf7-form-control wpcf7-acceptance\"><span class=\"wpcf7-list-item\"><input type=\"checkbox\" name=\"casilla-privacidad\" value=\"1\" id=\"check-privacidad\" aria-invalid=\"false\" \/><\/span><\/span><\/span> <span id=\"texto-legal-form\">J\u2019ai lu et j\u2019accepte la <a href=\"\/fr\/politique-de-confidentialite\" target=\"_blank\"> Politique de confidentialit\u00e9<\/a><\/span>\n\n<p class=\"centrar-btn\"><input class=\"wpcf7-form-control wpcf7-submit has-spinner\" type=\"submit\" value=\"Envoyer\" \/><\/p>\n<p class=\"recaptcha\" style=\"font-size:12px!important; line-height:1.3em; margin:7px 0 0 0;\">Ce site est prot\u00e9g\u00e9 par recaptcha et Google. <a target=\"_blank\" href=\"https:\/\/policies.google.com\/privacy?hl=fr\">Confidentialit\u00e9<\/a> y <a target=\"_blank\" href=\"https:\/\/policies.google.com\/terms?hl=fr\">Termes<\/a>.<\/p>\n<\/div><input type='hidden' class='wpcf7-pum' value='{\"closepopup\":false,\"closedelay\":0,\"openpopup\":false,\"openpopup_id\":0}' \/><div class=\"wpcf7-response-output\" aria-hidden=\"true\"><\/div>\n<\/form>\n<\/div>\n    <\/div>\n\t\t\t\t<\/div>\n\t\t\t\t<\/div>\n\t\t\t\t<div class=\"elementor-element elementor-element-c8719bc elementor-widget elementor-widget-toggle\" data-id=\"c8719bc\" data-element_type=\"widget\" data-widget_type=\"toggle.default\">\n\t\t\t\t<div class=\"elementor-widget-container\">\n\t\t\t\t\t\t\t<div class=\"elementor-toggle\">\n\t\t\t\t\t\t\t<div class=\"elementor-toggle-item\">\n\t\t\t\t\t<div id=\"elementor-tab-title-2101\" class=\"elementor-tab-title\" data-tab=\"1\" role=\"button\" aria-controls=\"elementor-tab-content-2101\" aria-expanded=\"false\">\n\t\t\t\t\t\t\t\t\t\t\t\t<span class=\"elementor-toggle-icon elementor-toggle-icon-left\" aria-hidden=\"true\">\n\t\t\t\t\t\t\t\t\t\t\t\t\t\t\t<span class=\"elementor-toggle-icon-closed\"><i class=\"fas fa-caret-right\"><\/i><\/span>\n\t\t\t\t\t\t\t\t<span class=\"elementor-toggle-icon-opened\"><i class=\"elementor-toggle-icon-opened fas fa-caret-up\"><\/i><\/span>\n\t\t\t\t\t\t\t\t\t\t\t\t\t<\/span>\n\t\t\t\t\t\t\t\t\t\t\t\t<a class=\"elementor-toggle-title\" tabindex=\"0\">RGPD<\/a>\n\t\t\t\t\t<\/div>\n\n\t\t\t\t\t<div id=\"elementor-tab-content-2101\" class=\"elementor-tab-content elementor-clearfix\" data-tab=\"1\" role=\"region\" aria-labelledby=\"elementor-tab-title-2101\"><p><strong>Responsable des donn\u00e9es:<\/strong> TPC Avocats<br \/><strong>Objet:<\/strong> Gestion des demandes<br \/><strong>L\u00e9gitimation:<\/strong> Votre consentement expr\u00e8s<br \/><strong>Destinataire:<\/strong> TPC Avocats<br \/><strong>Droits:<\/strong> Vous disposez d\u2019un droit d\u2019acc\u00e8s, de rectification, de suppression, de limitation, de portabilit\u00e9 et d\u2019oubli de vos donn\u00e9es.<\/p><\/div>\n\t\t\t\t<\/div>\n\t\t\t\t\t\t\t\t<\/div>\n\t\t\t\t\t\t<\/div>\n\t\t\t\t<\/div>\n\t\t\t\t\t<\/div>\n\t\t<\/div>\n\t\t\t\t<div class=\"elementor-column elementor-col-33 elementor-top-column elementor-element elementor-element-fbebe10\" data-id=\"fbebe10\" data-element_type=\"column\">\n\t\t\t<div class=\"elementor-widget-wrap elementor-element-populated\">\n\t\t\t\t\t\t<div class=\"elementor-element elementor-element-2543a3f elementor-widget elementor-widget-heading\" data-id=\"2543a3f\" data-element_type=\"widget\" data-widget_type=\"heading.default\">\n\t\t\t\t<div class=\"elementor-widget-container\">\n\t\t\t\t\t<h3 class=\"elementor-heading-title elementor-size-default\">Par\u00eds<\/h3>\t\t\t\t<\/div>\n\t\t\t\t<\/div>\n\t\t\t\t<div class=\"elementor-element elementor-element-ff4a0e4 elementor-widget elementor-widget-text-editor\" data-id=\"ff4a0e4\" data-element_type=\"widget\" data-widget_type=\"text-editor.default\">\n\t\t\t\t<div class=\"elementor-widget-container\">\n\t\t\t\t\t\t\t\t\t<p>2 rue de Poissy<br \/>75005 Paris<br \/>Tel : <a href=\"tel:+33 (0) 1 44 32 00 40\">+33 1 44 32 00 40<\/a><br \/><a href=\"mailto:info@tpcabogados.com\">info@tpcabogados.com<\/a><\/p>\t\t\t\t\t\t\t\t<\/div>\n\t\t\t\t<\/div>\n\t\t\t\t<div class=\"elementor-element elementor-element-292f37e elementor-widget elementor-widget-heading\" data-id=\"292f37e\" data-element_type=\"widget\" data-widget_type=\"heading.default\">\n\t\t\t\t<div class=\"elementor-widget-container\">\n\t\t\t\t\t<h3 class=\"elementor-heading-title elementor-size-default\">Madrid<\/h3>\t\t\t\t<\/div>\n\t\t\t\t<\/div>\n\t\t\t\t<div class=\"elementor-element elementor-element-0f36c7b elementor-widget elementor-widget-text-editor\" data-id=\"0f36c7b\" data-element_type=\"widget\" data-widget_type=\"text-editor.default\">\n\t\t\t\t<div class=\"elementor-widget-container\">\n\t\t\t\t\t\t\t\t\t<p>Calle Sagasta 23 1\u00ba Derecha<br \/>28004 Madrid<\/p><p>Tel: <a href=\"tel:+34 625 27 58 56\">+34 625 27 58 56<\/a><\/p><p><a href=\"mailto:info@tpcabogados.com\">info@tpcabogados.com<\/a><\/p>\t\t\t\t\t\t\t\t<\/div>\n\t\t\t\t<\/div>\n\t\t\t\t\t<\/div>\n\t\t<\/div>\n\t\t\t\t<div class=\"elementor-column elementor-col-33 elementor-top-column elementor-element elementor-element-aaa40f1 mapa-contacto\" data-id=\"aaa40f1\" data-element_type=\"column\">\n\t\t\t<div class=\"elementor-widget-wrap elementor-element-populated\">\n\t\t\t\t\t\t<div class=\"elementor-element elementor-element-be9eec7 elementor-widget elementor-widget-google_maps\" data-id=\"be9eec7\" data-element_type=\"widget\" data-widget_type=\"google_maps.default\">\n\t\t\t\t<div class=\"elementor-widget-container\">\n\t\t\t\t\t\t\t<div class=\"elementor-custom-embed\">\n\t\t\t<iframe loading=\"lazy\"\n\t\t\t\t\tsrc=\"https:\/\/maps.google.com\/maps?q=TPC%20Abogados%2C%20Avenue%20du%20Coq%2C%20Par%C3%ADs%2C%20Francia&#038;t=m&#038;z=12&#038;output=embed&#038;iwloc=near\"\n\t\t\t\t\ttitle=\"TPC Abogados, Avenue du Coq, Par\u00eds, Francia\"\n\t\t\t\t\taria-label=\"TPC Abogados, Avenue du Coq, Par\u00eds, Francia\"\n\t\t\t><\/iframe>\n\t\t<\/div>\n\t\t\t\t\t\t<\/div>\n\t\t\t\t<\/div>\n\t\t\t\t\t<\/div>\n\t\t<\/div>\n\t\t\t\t\t<\/div>\n\t\t<\/section>\n\t\t\t\t<\/div>\n\t\t","protected":false},"excerpt":{"rendered":"<p>Contact J\u2019ai lu et j\u2019accepte la Politique de confidentialit\u00e9 Ce site est prot\u00e9g\u00e9 par recaptcha et Google. Confidentialit\u00e9 y Termes. RGPD Responsable des donn\u00e9es: TPC AvocatsObjet: Gestion des demandesL\u00e9gitimation: Votre consentement expr\u00e8sDestinataire: TPC AvocatsDroits: Vous disposez d\u2019un droit d\u2019acc\u00e8s, de rectification, de suppression, de limitation,&#8230;<\/p>\n","protected":false},"author":3,"featured_media":0,"parent":0,"menu_order":0,"comment_status":"closed","ping_status":"closed","template":"full_width.php","meta":{"_monsterinsights_skip_tracking":false,"_monsterinsights_sitenote_active":false,"_monsterinsights_sitenote_note":"","_monsterinsights_sitenote_category":0,"footnotes":""},"class_list":["post-1910","page","type-page","status-publish","hentry"],"yoast_head":"<!-- This site is optimized with the Yoast SEO plugin v26.6 - https:\/\/yoast.com\/wordpress\/plugins\/seo\/ -->\n<title>Contact | TPC Abogados \/ Avocats<\/title>\n<meta name=\"description\" content=\"On aide au d\u00e9veloppement des affaires en France gr\u00e2ce \u00e0 nos conseils juridiques bilingues. Par\u00eds: +33 (0)1 55 50 21 21 | Madrid: +34 625 27 58 56\" \/>\n<meta name=\"robots\" content=\"index, follow, max-snippet:-1, max-image-preview:large, max-video-preview:-1\" \/>\n<link rel=\"canonical\" href=\"https:\/\/tpcabogados.com\/fr\/contact\/\" \/>\n<meta property=\"og:locale\" content=\"fr_FR\" \/>\n<meta property=\"og:type\" content=\"article\" \/>\n<meta property=\"og:title\" content=\"Contact | TPC Abogados \/ Avocats\" \/>\n<meta property=\"og:description\" content=\"On aide au d\u00e9veloppement des affaires en France gr\u00e2ce \u00e0 nos conseils juridiques bilingues.\" \/>\n<meta property=\"og:url\" content=\"https:\/\/tpcabogados.com\/fr\/contact\/\" \/>\n<meta property=\"og:site_name\" content=\"TPC Abogados\" \/>\n<meta property=\"article:modified_time\" content=\"2023-09-19T11:52:14+00:00\" \/>\n<meta property=\"og:image\" content=\"https:\/\/tpcabogados.com\/wp-content\/uploads\/2023\/05\/tpc-abogados-rrss-6.jpg\" \/>\n\t<meta property=\"og:image:width\" content=\"1200\" \/>\n\t<meta property=\"og:image:height\" content=\"675\" \/>\n\t<meta property=\"og:image:type\" content=\"image\/jpeg\" \/>\n<meta name=\"twitter:card\" content=\"summary_large_image\" \/>\n<meta name=\"twitter:title\" content=\"Contact | TPC Abogados \/ Avocats\" \/>\n<meta name=\"twitter:description\" content=\"On aide au d\u00e9veloppement des affaires en France gr\u00e2ce \u00e0 nos conseils juridiques bilingues.\" \/>\n<meta name=\"twitter:image\" content=\"https:\/\/tpcabogados.com\/wp-content\/uploads\/2023\/05\/tpc-abogados-rrss-6.jpg\" \/>\n<script type=\"application\/ld+json\" class=\"yoast-schema-graph\">{\"@context\":\"https:\/\/schema.org\",\"@graph\":[{\"@type\":\"WebPage\",\"@id\":\"https:\/\/tpcabogados.com\/fr\/contact\/\",\"url\":\"https:\/\/tpcabogados.com\/fr\/contact\/\",\"name\":\"Contact | TPC Abogados \/ Avocats\",\"isPartOf\":{\"@id\":\"https:\/\/tpcabogados.com\/fr\/#website\"},\"datePublished\":\"2020-02-05T11:36:25+00:00\",\"dateModified\":\"2023-09-19T11:52:14+00:00\",\"description\":\"On aide au d\u00e9veloppement des affaires en France gr\u00e2ce \u00e0 nos conseils juridiques bilingues. Par\u00eds: +33 (0)1 55 50 21 21 | Madrid: +34 625 27 58 56\",\"breadcrumb\":{\"@id\":\"https:\/\/tpcabogados.com\/fr\/contact\/#breadcrumb\"},\"inLanguage\":\"fr-FR\",\"potentialAction\":[{\"@type\":\"ReadAction\",\"target\":[\"https:\/\/tpcabogados.com\/fr\/contact\/\"]}]},{\"@type\":\"BreadcrumbList\",\"@id\":\"https:\/\/tpcabogados.com\/fr\/contact\/#breadcrumb\",\"itemListElement\":[{\"@type\":\"ListItem\",\"position\":1,\"name\":\"Portada\",\"item\":\"https:\/\/tpcabogados.com\/fr\/\"},{\"@type\":\"ListItem\",\"position\":2,\"name\":\"Contact\"}]},{\"@type\":\"WebSite\",\"@id\":\"https:\/\/tpcabogados.com\/fr\/#website\",\"url\":\"https:\/\/tpcabogados.com\/fr\/\",\"name\":\"TPC Abogados\",\"description\":\"Desarrollamos tu negocio con asesoramiento jur\u00eddico biling\u00fce en Francia\",\"publisher\":{\"@id\":\"https:\/\/tpcabogados.com\/fr\/#organization\"},\"potentialAction\":[{\"@type\":\"SearchAction\",\"target\":{\"@type\":\"EntryPoint\",\"urlTemplate\":\"https:\/\/tpcabogados.com\/fr\/?s={search_term_string}\"},\"query-input\":{\"@type\":\"PropertyValueSpecification\",\"valueRequired\":true,\"valueName\":\"search_term_string\"}}],\"inLanguage\":\"fr-FR\"},{\"@type\":\"Organization\",\"@id\":\"https:\/\/tpcabogados.com\/fr\/#organization\",\"name\":\"TPC Abogados\",\"url\":\"https:\/\/tpcabogados.com\/fr\/\",\"logo\":{\"@type\":\"ImageObject\",\"inLanguage\":\"fr-FR\",\"@id\":\"https:\/\/tpcabogados.com\/fr\/#\/schema\/logo\/image\/\",\"url\":\"http:\/\/tpcabogados.com\/wp-content\/uploads\/2023\/05\/logo-tpc-abogados-black.png\",\"contentUrl\":\"http:\/\/tpcabogados.com\/wp-content\/uploads\/2023\/05\/logo-tpc-abogados-black.png\",\"width\":1391,\"height\":200,\"caption\":\"TPC Abogados\"},\"image\":{\"@id\":\"https:\/\/tpcabogados.com\/fr\/#\/schema\/logo\/image\/\"}}]}<\/script>\n<!-- \/ Yoast SEO plugin. -->","yoast_head_json":{"title":"Contact | TPC Abogados \/ Avocats","description":"On aide au d\u00e9veloppement des affaires en France gr\u00e2ce \u00e0 nos conseils juridiques bilingues. Par\u00eds: +33 (0)1 55 50 21 21 | Madrid: +34 625 27 58 56","robots":{"index":"index","follow":"follow","max-snippet":"max-snippet:-1","max-image-preview":"max-image-preview:large","max-video-preview":"max-video-preview:-1"},"canonical":"https:\/\/tpcabogados.com\/fr\/contact\/","og_locale":"fr_FR","og_type":"article","og_title":"Contact | TPC Abogados \/ Avocats","og_description":"On aide au d\u00e9veloppement des affaires en France gr\u00e2ce \u00e0 nos conseils juridiques bilingues.","og_url":"https:\/\/tpcabogados.com\/fr\/contact\/","og_site_name":"TPC Abogados","article_modified_time":"2023-09-19T11:52:14+00:00","og_image":[{"width":1200,"height":675,"url":"https:\/\/tpcabogados.com\/wp-content\/uploads\/2023\/05\/tpc-abogados-rrss-6.jpg","type":"image\/jpeg"}],"twitter_card":"summary_large_image","twitter_title":"Contact | TPC Abogados \/ Avocats","twitter_description":"On aide au d\u00e9veloppement des affaires en France gr\u00e2ce \u00e0 nos conseils juridiques bilingues.","twitter_image":"https:\/\/tpcabogados.com\/wp-content\/uploads\/2023\/05\/tpc-abogados-rrss-6.jpg","schema":{"@context":"https:\/\/schema.org","@graph":[{"@type":"WebPage","@id":"https:\/\/tpcabogados.com\/fr\/contact\/","url":"https:\/\/tpcabogados.com\/fr\/contact\/","name":"Contact | TPC Abogados \/ Avocats","isPartOf":{"@id":"https:\/\/tpcabogados.com\/fr\/#website"},"datePublished":"2020-02-05T11:36:25+00:00","dateModified":"2023-09-19T11:52:14+00:00","description":"On aide au d\u00e9veloppement des affaires en France gr\u00e2ce \u00e0 nos conseils juridiques bilingues. Par\u00eds: +33 (0)1 55 50 21 21 | Madrid: +34 625 27 58 56","breadcrumb":{"@id":"https:\/\/tpcabogados.com\/fr\/contact\/#breadcrumb"},"inLanguage":"fr-FR","potentialAction":[{"@type":"ReadAction","target":["https:\/\/tpcabogados.com\/fr\/contact\/"]}]},{"@type":"BreadcrumbList","@id":"https:\/\/tpcabogados.com\/fr\/contact\/#breadcrumb","itemListElement":[{"@type":"ListItem","position":1,"name":"Portada","item":"https:\/\/tpcabogados.com\/fr\/"},{"@type":"ListItem","position":2,"name":"Contact"}]},{"@type":"WebSite","@id":"https:\/\/tpcabogados.com\/fr\/#website","url":"https:\/\/tpcabogados.com\/fr\/","name":"TPC Abogados","description":"Desarrollamos tu negocio con asesoramiento jur\u00eddico biling\u00fce en Francia","publisher":{"@id":"https:\/\/tpcabogados.com\/fr\/#organization"},"potentialAction":[{"@type":"SearchAction","target":{"@type":"EntryPoint","urlTemplate":"https:\/\/tpcabogados.com\/fr\/?s={search_term_string}"},"query-input":{"@type":"PropertyValueSpecification","valueRequired":true,"valueName":"search_term_string"}}],"inLanguage":"fr-FR"},{"@type":"Organization","@id":"https:\/\/tpcabogados.com\/fr\/#organization","name":"TPC Abogados","url":"https:\/\/tpcabogados.com\/fr\/","logo":{"@type":"ImageObject","inLanguage":"fr-FR","@id":"https:\/\/tpcabogados.com\/fr\/#\/schema\/logo\/image\/","url":"http:\/\/tpcabogados.com\/wp-content\/uploads\/2023\/05\/logo-tpc-abogados-black.png","contentUrl":"http:\/\/tpcabogados.com\/wp-content\/uploads\/2023\/05\/logo-tpc-abogados-black.png","width":1391,"height":200,"caption":"TPC Abogados"},"image":{"@id":"https:\/\/tpcabogados.com\/fr\/#\/schema\/logo\/image\/"}}]}},"_links":{"self":[{"href":"https:\/\/tpcabogados.com\/fr\/wp-json\/wp\/v2\/pages\/1910","targetHints":{"allow":["GET"]}}],"collection":[{"href":"https:\/\/tpcabogados.com\/fr\/wp-json\/wp\/v2\/pages"}],"about":[{"href":"https:\/\/tpcabogados.com\/fr\/wp-json\/wp\/v2\/types\/page"}],"author":[{"embeddable":true,"href":"https:\/\/tpcabogados.com\/fr\/wp-json\/wp\/v2\/users\/3"}],"replies":[{"embeddable":true,"href":"https:\/\/tpcabogados.com\/fr\/wp-json\/wp\/v2\/comments?post=1910"}],"version-history":[{"count":17,"href":"https:\/\/tpcabogados.com\/fr\/wp-json\/wp\/v2\/pages\/1910\/revisions"}],"predecessor-version":[{"id":2120,"href":"https:\/\/tpcabogados.com\/fr\/wp-json\/wp\/v2\/pages\/1910\/revisions\/2120"}],"wp:attachment":[{"href":"https:\/\/tpcabogados.com\/fr\/wp-json\/wp\/v2\/media?parent=1910"}],"curies":[{"name":"wp","href":"https:\/\/api.w.org\/{rel}","templated":true}]}}