{"id":1905,"date":"2020-02-05T13:14:47","date_gmt":"2020-02-05T12:14:47","guid":{"rendered":"http:\/\/tpcabogados.com\/pro-bono\/"},"modified":"2023-09-20T09:41:53","modified_gmt":"2023-09-20T07:41:53","slug":"pro-bono","status":"publish","type":"page","link":"https:\/\/tpcabogados.com\/fr\/pro-bono\/","title":{"rendered":"Pro bono"},"content":{"rendered":"\t\t<div data-elementor-type=\"wp-page\" data-elementor-id=\"1905\" class=\"elementor elementor-1905 elementor-252\">\n\t\t\t\t\t\t<section class=\"elementor-section elementor-top-section elementor-element elementor-element-3451162 elementor-section-full_width qode_elementor_container_inner ajustar-ancho-fila elementor-section-height-default elementor-section-height-default parallax_section_no\" data-id=\"3451162\" data-element_type=\"section\">\n\t\t\t\t\t\t<div class=\"elementor-container elementor-column-gap-default\">\n\t\t\t\t\t<div class=\"elementor-column elementor-col-50 elementor-top-column elementor-element elementor-element-182a3f4\" data-id=\"182a3f4\" data-element_type=\"column\">\n\t\t\t<div class=\"elementor-widget-wrap elementor-element-populated\">\n\t\t\t\t\t\t<div class=\"elementor-element elementor-element-ee55438 elementor-drop-cap-yes elementor-drop-cap-view-default elementor-widget elementor-widget-text-editor\" data-id=\"ee55438\" data-element_type=\"widget\" data-settings=\"{&quot;drop_cap&quot;:&quot;yes&quot;}\" data-widget_type=\"text-editor.default\">\n\t\t\t\t<div class=\"elementor-widget-container\">\n\t\t\t\t\t\t\t\t\t<p>Dans le cadre de notre responsabilit\u00e9 sociale d&rsquo;entreprise et en collaboration avec la Fondation Square, depuis l&rsquo;arriv\u00e9e au pouvoir du r\u00e9gime taliban en Afghanistan, nous avons identifi\u00e9 des femmes dont la vie \u00e9tait en danger, les avons accompagn\u00e9es et avons trait\u00e9 leur demande d&rsquo;asile.<\/p>\t\t\t\t\t\t\t\t<\/div>\n\t\t\t\t<\/div>\n\t\t\t\t\t<\/div>\n\t\t<\/div>\n\t\t\t\t<div class=\"elementor-column elementor-col-50 elementor-top-column elementor-element elementor-element-cf09588\" data-id=\"cf09588\" data-element_type=\"column\">\n\t\t\t<div class=\"elementor-widget-wrap elementor-element-populated\">\n\t\t\t\t\t\t<div class=\"elementor-element elementor-element-a1c4cb7 elementor-widget elementor-widget-text-editor\" data-id=\"a1c4cb7\" data-element_type=\"widget\" data-widget_type=\"text-editor.default\">\n\t\t\t\t<div class=\"elementor-widget-container\">\n\t\t\t\t\t\t\t\t\t<p>\u00c0 ce jour, plus de 10 femmes et leurs familles ont obtenu l&rsquo;asile en Espagne. Nous souhaitons maintenant reproduire cette proc\u00e9dure fructueuse avec des femmes menac\u00e9es en Iran. Regardez la vid\u00e9o suivante pour d\u00e9couvrir l&rsquo;histoire de l&rsquo;une de ces femmes.<\/p>\t\t\t\t\t\t\t\t<\/div>\n\t\t\t\t<\/div>\n\t\t\t\t\t<\/div>\n\t\t<\/div>\n\t\t\t\t\t<\/div>\n\t\t<\/section>\n\t\t\t\t<section class=\"elementor-section elementor-top-section elementor-element elementor-element-7af77186 elementor-section-full_width elementor-section-height-default elementor-section-height-default parallax_section_no qode_elementor_container_no\" data-id=\"7af77186\" data-element_type=\"section\">\n\t\t\t\t\t\t<div class=\"elementor-container elementor-column-gap-default\">\n\t\t\t\t\t<div class=\"elementor-column elementor-col-100 elementor-top-column elementor-element elementor-element-45b07909\" data-id=\"45b07909\" data-element_type=\"column\">\n\t\t\t<div class=\"elementor-widget-wrap elementor-element-populated\">\n\t\t\t\t\t\t<div class=\"elementor-element elementor-element-6c389da2 elementor-widget__width-inherit elementor-widget elementor-widget-bridge_video_box\" data-id=\"6c389da2\" data-element_type=\"widget\" id=\"ajustar-fondo\" data-widget_type=\"bridge_video_box.default\">\n\t\t\t\t<div class=\"elementor-widget-container\">\n\t\t\t\t\t<div class=\"qode_video_box disabled_hover_zoom\">\n\t<a itemprop=\"image\" class=\"qode_video_image\" href=\"https:\/\/vimeo.com\/633039658\" data-rel=\"prettyPhoto\">\n\t\t\t\t\t<img fetchpriority=\"high\" decoding=\"async\" width=\"1920\" height=\"610\" src=\"https:\/\/tpcabogados.com\/wp-content\/uploads\/2023\/05\/tpc-abogados-12.jpg\" class=\"attachment-full size-full\" alt=\"Pro-Bono TPC Abogados\" srcset=\"https:\/\/tpcabogados.com\/wp-content\/uploads\/2023\/05\/tpc-abogados-12.jpg 1920w, https:\/\/tpcabogados.com\/wp-content\/uploads\/2023\/05\/tpc-abogados-12-300x95.jpg 300w, https:\/\/tpcabogados.com\/wp-content\/uploads\/2023\/05\/tpc-abogados-12-1024x325.jpg 1024w, https:\/\/tpcabogados.com\/wp-content\/uploads\/2023\/05\/tpc-abogados-12-768x244.jpg 768w, https:\/\/tpcabogados.com\/wp-content\/uploads\/2023\/05\/tpc-abogados-12-1536x488.jpg 1536w, https:\/\/tpcabogados.com\/wp-content\/uploads\/2023\/05\/tpc-abogados-12-700x222.jpg 700w\" sizes=\"(max-width: 1920px) 100vw, 1920px\" \/>\t\t\t<span class=\"qode_video_box_button_holder\">\n\t\t\t\t<span class=\"qode_video_box_button\">\n\t\t\t\t\t<span class=\"qode_video_box_button_arrow\">\n\t\t\t\t\t<\/span>\n\t\t\t\t<\/span>\n\t\t\t<\/span>\n\t\t\t<\/a>\n<\/div>\t\t\t\t<\/div>\n\t\t\t\t<\/div>\n\t\t\t\t\t<\/div>\n\t\t<\/div>\n\t\t\t\t\t<\/div>\n\t\t<\/section>\n\t\t\t\t<section class=\"elementor-section elementor-top-section elementor-element elementor-element-a07c8cc elementor-section-boxed elementor-section-height-default elementor-section-height-default parallax_section_no qode_elementor_container_no\" data-id=\"a07c8cc\" data-element_type=\"section\">\n\t\t\t\t\t\t<div class=\"elementor-container elementor-column-gap-default\">\n\t\t\t\t\t<div class=\"elementor-column elementor-col-100 elementor-top-column elementor-element elementor-element-e44887a\" data-id=\"e44887a\" data-element_type=\"column\">\n\t\t\t<div class=\"elementor-widget-wrap elementor-element-populated\">\n\t\t\t\t\t\t<div class=\"elementor-element elementor-element-df5a665 elementor-widget elementor-widget-heading\" data-id=\"df5a665\" data-element_type=\"widget\" data-widget_type=\"heading.default\">\n\t\t\t\t<div class=\"elementor-widget-container\">\n\t\t\t\t\t<h2 class=\"elementor-heading-title elementor-size-default\">En collaboration avec l'Association des femmes d'affaires et professionnelles BPW Canarias.<\/h2>\t\t\t\t<\/div>\n\t\t\t\t<\/div>\n\t\t\t\t<div class=\"elementor-element elementor-element-6b4ffd5 elementor-widget elementor-widget-text-editor\" data-id=\"6b4ffd5\" data-element_type=\"widget\" data-widget_type=\"text-editor.default\">\n\t\t\t\t<div class=\"elementor-widget-container\">\n\t\t\t\t\t\t\t\t\t<p>Nous avons lanc\u00e9 une campagne visant \u00e0 <strong>inclure le d\u00e9lit d&rsquo;\u00e9cocide dans le Code p\u00e9nal<\/strong>, comme le font d&rsquo;autres pays voisins.<\/p>\t\t\t\t\t\t\t\t<\/div>\n\t\t\t\t<\/div>\n\t\t\t\t\t<\/div>\n\t\t<\/div>\n\t\t\t\t\t<\/div>\n\t\t<\/section>\n\t\t\t\t<section class=\"elementor-section elementor-top-section elementor-element elementor-element-3dfd41a elementor-section-boxed elementor-section-height-default elementor-section-height-default parallax_section_no qode_elementor_container_no\" data-id=\"3dfd41a\" data-element_type=\"section\">\n\t\t\t\t\t\t<div class=\"elementor-container elementor-column-gap-default\">\n\t\t\t\t\t<div class=\"elementor-column elementor-col-100 elementor-top-column elementor-element elementor-element-bb7746c\" data-id=\"bb7746c\" data-element_type=\"column\">\n\t\t\t<div class=\"elementor-widget-wrap elementor-element-populated\">\n\t\t\t\t\t\t<div class=\"elementor-element elementor-element-8c1ef6c elementor-widget__width-auto elementor-widget elementor-widget-bridge_button\" data-id=\"8c1ef6c\" data-element_type=\"widget\" data-widget_type=\"bridge_button.default\">\n\t\t\t\t<div class=\"elementor-widget-container\">\n\t\t\t\t\t<a  itemprop=\"url\" href=\"https:\/\/www.change.org\/p\/incluyamos-el-delito-de-ecocidio-en-el-c%C3%B3digo-penal\" target=\"_blank\"  class=\"qbutton  center default\" style=\"\">Signer<i class=\"qodef-icon-linea-icon icon-arrows-right qode_button_icon_element\" style=\"\" ><\/i><\/a>\t\t\t\t<\/div>\n\t\t\t\t<\/div>\n\t\t\t\t\t<\/div>\n\t\t<\/div>\n\t\t\t\t\t<\/div>\n\t\t<\/section>\n\t\t\t\t<\/div>\n\t\t","protected":false},"excerpt":{"rendered":"<p>Dans le cadre de notre responsabilit\u00e9 sociale d&rsquo;entreprise et en collaboration avec la Fondation Square, depuis l&rsquo;arriv\u00e9e au pouvoir du r\u00e9gime taliban en Afghanistan, nous avons identifi\u00e9 des femmes dont la vie \u00e9tait en danger, les avons accompagn\u00e9es et avons trait\u00e9 leur demande d&rsquo;asile. \u00c0&#8230;<\/p>\n","protected":false},"author":3,"featured_media":0,"parent":0,"menu_order":0,"comment_status":"closed","ping_status":"closed","template":"full_width.php","meta":{"_monsterinsights_skip_tracking":false,"_monsterinsights_sitenote_active":false,"_monsterinsights_sitenote_note":"","_monsterinsights_sitenote_category":0,"footnotes":""},"class_list":["post-1905","page","type-page","status-publish","hentry"],"yoast_head":"<!-- This site is optimized with the Yoast SEO plugin v26.6 - https:\/\/yoast.com\/wordpress\/plugins\/seo\/ -->\n<title>Pro bono | TPC Abogados \/ Avocats<\/title>\n<meta name=\"description\" content=\"Dans le cadre de notre responsabilit\u00e9 sociale d\u2019entreprise et en collaboration avec la Fondation Square.\" \/>\n<meta name=\"robots\" content=\"index, follow, max-snippet:-1, max-image-preview:large, max-video-preview:-1\" \/>\n<link rel=\"canonical\" href=\"https:\/\/tpcabogados.com\/fr\/pro-bono\/\" \/>\n<meta property=\"og:locale\" content=\"fr_FR\" \/>\n<meta property=\"og:type\" content=\"article\" \/>\n<meta property=\"og:title\" content=\"Pro bono | TPC Abogados \/ Avocats\" \/>\n<meta property=\"og:description\" content=\"Dans le cadre de notre responsabilit\u00e9 sociale d\u2019entreprise et en collaboration avec la Fondation Square.\" \/>\n<meta property=\"og:url\" content=\"https:\/\/tpcabogados.com\/fr\/pro-bono\/\" \/>\n<meta property=\"og:site_name\" content=\"TPC Abogados\" \/>\n<meta property=\"article:modified_time\" content=\"2023-09-20T07:41:53+00:00\" \/>\n<meta property=\"og:image\" content=\"https:\/\/tpcabogados.com\/wp-content\/uploads\/2023\/05\/tpc-abogados-rrss-4.jpg\" \/>\n\t<meta property=\"og:image:width\" content=\"1200\" \/>\n\t<meta property=\"og:image:height\" content=\"675\" \/>\n\t<meta property=\"og:image:type\" content=\"image\/jpeg\" \/>\n<meta name=\"twitter:card\" content=\"summary_large_image\" \/>\n<meta name=\"twitter:title\" content=\"Pro bono | TPC Abogados \/ Avocats\" \/>\n<meta name=\"twitter:description\" content=\"Dans le cadre de notre responsabilit\u00e9 sociale d\u2019entreprise et en collaboration avec la Fondation Square.\" \/>\n<meta name=\"twitter:image\" content=\"https:\/\/tpcabogados.com\/wp-content\/uploads\/2023\/05\/tpc-abogados-rrss-4.jpg\" \/>\n<script type=\"application\/ld+json\" class=\"yoast-schema-graph\">{\"@context\":\"https:\/\/schema.org\",\"@graph\":[{\"@type\":\"WebPage\",\"@id\":\"https:\/\/tpcabogados.com\/fr\/pro-bono\/\",\"url\":\"https:\/\/tpcabogados.com\/fr\/pro-bono\/\",\"name\":\"Pro bono | TPC Abogados \/ Avocats\",\"isPartOf\":{\"@id\":\"https:\/\/tpcabogados.com\/fr\/#website\"},\"primaryImageOfPage\":{\"@id\":\"https:\/\/tpcabogados.com\/fr\/pro-bono\/#primaryimage\"},\"image\":{\"@id\":\"https:\/\/tpcabogados.com\/fr\/pro-bono\/#primaryimage\"},\"thumbnailUrl\":\"https:\/\/tpcabogados.com\/wp-content\/uploads\/2023\/05\/tpc-abogados-12.jpg\",\"datePublished\":\"2020-02-05T12:14:47+00:00\",\"dateModified\":\"2023-09-20T07:41:53+00:00\",\"description\":\"Dans le cadre de notre responsabilit\u00e9 sociale d\u2019entreprise et en collaboration avec la Fondation Square.\",\"breadcrumb\":{\"@id\":\"https:\/\/tpcabogados.com\/fr\/pro-bono\/#breadcrumb\"},\"inLanguage\":\"fr-FR\",\"potentialAction\":[{\"@type\":\"ReadAction\",\"target\":[\"https:\/\/tpcabogados.com\/fr\/pro-bono\/\"]}]},{\"@type\":\"ImageObject\",\"inLanguage\":\"fr-FR\",\"@id\":\"https:\/\/tpcabogados.com\/fr\/pro-bono\/#primaryimage\",\"url\":\"https:\/\/tpcabogados.com\/wp-content\/uploads\/2023\/05\/tpc-abogados-12.jpg\",\"contentUrl\":\"https:\/\/tpcabogados.com\/wp-content\/uploads\/2023\/05\/tpc-abogados-12.jpg\"},{\"@type\":\"BreadcrumbList\",\"@id\":\"https:\/\/tpcabogados.com\/fr\/pro-bono\/#breadcrumb\",\"itemListElement\":[{\"@type\":\"ListItem\",\"position\":1,\"name\":\"Portada\",\"item\":\"https:\/\/tpcabogados.com\/fr\/\"},{\"@type\":\"ListItem\",\"position\":2,\"name\":\"Pro bono\"}]},{\"@type\":\"WebSite\",\"@id\":\"https:\/\/tpcabogados.com\/fr\/#website\",\"url\":\"https:\/\/tpcabogados.com\/fr\/\",\"name\":\"TPC Abogados\",\"description\":\"Desarrollamos tu negocio con asesoramiento jur\u00eddico biling\u00fce en Francia\",\"publisher\":{\"@id\":\"https:\/\/tpcabogados.com\/fr\/#organization\"},\"potentialAction\":[{\"@type\":\"SearchAction\",\"target\":{\"@type\":\"EntryPoint\",\"urlTemplate\":\"https:\/\/tpcabogados.com\/fr\/?s={search_term_string}\"},\"query-input\":{\"@type\":\"PropertyValueSpecification\",\"valueRequired\":true,\"valueName\":\"search_term_string\"}}],\"inLanguage\":\"fr-FR\"},{\"@type\":\"Organization\",\"@id\":\"https:\/\/tpcabogados.com\/fr\/#organization\",\"name\":\"TPC Abogados\",\"url\":\"https:\/\/tpcabogados.com\/fr\/\",\"logo\":{\"@type\":\"ImageObject\",\"inLanguage\":\"fr-FR\",\"@id\":\"https:\/\/tpcabogados.com\/fr\/#\/schema\/logo\/image\/\",\"url\":\"http:\/\/tpcabogados.com\/wp-content\/uploads\/2023\/05\/logo-tpc-abogados-black.png\",\"contentUrl\":\"http:\/\/tpcabogados.com\/wp-content\/uploads\/2023\/05\/logo-tpc-abogados-black.png\",\"width\":1391,\"height\":200,\"caption\":\"TPC Abogados\"},\"image\":{\"@id\":\"https:\/\/tpcabogados.com\/fr\/#\/schema\/logo\/image\/\"}}]}<\/script>\n<!-- \/ Yoast SEO plugin. -->","yoast_head_json":{"title":"Pro bono | TPC Abogados \/ Avocats","description":"Dans le cadre de notre responsabilit\u00e9 sociale d\u2019entreprise et en collaboration avec la Fondation Square.","robots":{"index":"index","follow":"follow","max-snippet":"max-snippet:-1","max-image-preview":"max-image-preview:large","max-video-preview":"max-video-preview:-1"},"canonical":"https:\/\/tpcabogados.com\/fr\/pro-bono\/","og_locale":"fr_FR","og_type":"article","og_title":"Pro bono | TPC Abogados \/ Avocats","og_description":"Dans le cadre de notre responsabilit\u00e9 sociale d\u2019entreprise et en collaboration avec la Fondation Square.","og_url":"https:\/\/tpcabogados.com\/fr\/pro-bono\/","og_site_name":"TPC Abogados","article_modified_time":"2023-09-20T07:41:53+00:00","og_image":[{"width":1200,"height":675,"url":"https:\/\/tpcabogados.com\/wp-content\/uploads\/2023\/05\/tpc-abogados-rrss-4.jpg","type":"image\/jpeg"}],"twitter_card":"summary_large_image","twitter_title":"Pro bono | TPC Abogados \/ Avocats","twitter_description":"Dans le cadre de notre responsabilit\u00e9 sociale d\u2019entreprise et en collaboration avec la Fondation Square.","twitter_image":"https:\/\/tpcabogados.com\/wp-content\/uploads\/2023\/05\/tpc-abogados-rrss-4.jpg","schema":{"@context":"https:\/\/schema.org","@graph":[{"@type":"WebPage","@id":"https:\/\/tpcabogados.com\/fr\/pro-bono\/","url":"https:\/\/tpcabogados.com\/fr\/pro-bono\/","name":"Pro bono | TPC Abogados \/ Avocats","isPartOf":{"@id":"https:\/\/tpcabogados.com\/fr\/#website"},"primaryImageOfPage":{"@id":"https:\/\/tpcabogados.com\/fr\/pro-bono\/#primaryimage"},"image":{"@id":"https:\/\/tpcabogados.com\/fr\/pro-bono\/#primaryimage"},"thumbnailUrl":"https:\/\/tpcabogados.com\/wp-content\/uploads\/2023\/05\/tpc-abogados-12.jpg","datePublished":"2020-02-05T12:14:47+00:00","dateModified":"2023-09-20T07:41:53+00:00","description":"Dans le cadre de notre responsabilit\u00e9 sociale d\u2019entreprise et en collaboration avec la Fondation Square.","breadcrumb":{"@id":"https:\/\/tpcabogados.com\/fr\/pro-bono\/#breadcrumb"},"inLanguage":"fr-FR","potentialAction":[{"@type":"ReadAction","target":["https:\/\/tpcabogados.com\/fr\/pro-bono\/"]}]},{"@type":"ImageObject","inLanguage":"fr-FR","@id":"https:\/\/tpcabogados.com\/fr\/pro-bono\/#primaryimage","url":"https:\/\/tpcabogados.com\/wp-content\/uploads\/2023\/05\/tpc-abogados-12.jpg","contentUrl":"https:\/\/tpcabogados.com\/wp-content\/uploads\/2023\/05\/tpc-abogados-12.jpg"},{"@type":"BreadcrumbList","@id":"https:\/\/tpcabogados.com\/fr\/pro-bono\/#breadcrumb","itemListElement":[{"@type":"ListItem","position":1,"name":"Portada","item":"https:\/\/tpcabogados.com\/fr\/"},{"@type":"ListItem","position":2,"name":"Pro bono"}]},{"@type":"WebSite","@id":"https:\/\/tpcabogados.com\/fr\/#website","url":"https:\/\/tpcabogados.com\/fr\/","name":"TPC Abogados","description":"Desarrollamos tu negocio con asesoramiento jur\u00eddico biling\u00fce en Francia","publisher":{"@id":"https:\/\/tpcabogados.com\/fr\/#organization"},"potentialAction":[{"@type":"SearchAction","target":{"@type":"EntryPoint","urlTemplate":"https:\/\/tpcabogados.com\/fr\/?s={search_term_string}"},"query-input":{"@type":"PropertyValueSpecification","valueRequired":true,"valueName":"search_term_string"}}],"inLanguage":"fr-FR"},{"@type":"Organization","@id":"https:\/\/tpcabogados.com\/fr\/#organization","name":"TPC Abogados","url":"https:\/\/tpcabogados.com\/fr\/","logo":{"@type":"ImageObject","inLanguage":"fr-FR","@id":"https:\/\/tpcabogados.com\/fr\/#\/schema\/logo\/image\/","url":"http:\/\/tpcabogados.com\/wp-content\/uploads\/2023\/05\/logo-tpc-abogados-black.png","contentUrl":"http:\/\/tpcabogados.com\/wp-content\/uploads\/2023\/05\/logo-tpc-abogados-black.png","width":1391,"height":200,"caption":"TPC Abogados"},"image":{"@id":"https:\/\/tpcabogados.com\/fr\/#\/schema\/logo\/image\/"}}]}},"_links":{"self":[{"href":"https:\/\/tpcabogados.com\/fr\/wp-json\/wp\/v2\/pages\/1905","targetHints":{"allow":["GET"]}}],"collection":[{"href":"https:\/\/tpcabogados.com\/fr\/wp-json\/wp\/v2\/pages"}],"about":[{"href":"https:\/\/tpcabogados.com\/fr\/wp-json\/wp\/v2\/types\/page"}],"author":[{"embeddable":true,"href":"https:\/\/tpcabogados.com\/fr\/wp-json\/wp\/v2\/users\/3"}],"replies":[{"embeddable":true,"href":"https:\/\/tpcabogados.com\/fr\/wp-json\/wp\/v2\/comments?post=1905"}],"version-history":[{"count":17,"href":"https:\/\/tpcabogados.com\/fr\/wp-json\/wp\/v2\/pages\/1905\/revisions"}],"predecessor-version":[{"id":2203,"href":"https:\/\/tpcabogados.com\/fr\/wp-json\/wp\/v2\/pages\/1905\/revisions\/2203"}],"wp:attachment":[{"href":"https:\/\/tpcabogados.com\/fr\/wp-json\/wp\/v2\/media?parent=1905"}],"curies":[{"name":"wp","href":"https:\/\/api.w.org\/{rel}","templated":true}]}}