{"id":1830,"date":"2020-02-05T11:18:06","date_gmt":"2020-02-05T10:18:06","guid":{"rendered":"http:\/\/tpcabogados.com\/despacho\/"},"modified":"2023-06-12T09:36:56","modified_gmt":"2023-06-12T07:36:56","slug":"bureau","status":"publish","type":"page","link":"https:\/\/tpcabogados.com\/fr\/bureau\/","title":{"rendered":"Bureau"},"content":{"rendered":"\t\t<div data-elementor-type=\"wp-page\" data-elementor-id=\"1830\" class=\"elementor elementor-1830 elementor-149\">\n\t\t\t\t\t\t<section class=\"elementor-section elementor-top-section elementor-element elementor-element-79f1a97 elementor-section-full_width qode_elementor_container_inner elementor-section-height-default elementor-section-height-default parallax_section_no\" data-id=\"79f1a97\" data-element_type=\"section\">\n\t\t\t\t\t\t<div class=\"elementor-container elementor-column-gap-default\">\n\t\t\t\t\t<div class=\"elementor-column elementor-col-33 elementor-top-column elementor-element elementor-element-2f94df4\" data-id=\"2f94df4\" data-element_type=\"column\">\n\t\t\t<div class=\"elementor-widget-wrap elementor-element-populated\">\n\t\t\t\t\t\t<div class=\"elementor-element elementor-element-dfd9251 elementor-widget elementor-widget-heading\" data-id=\"dfd9251\" data-element_type=\"widget\" data-widget_type=\"heading.default\">\n\t\t\t\t<div class=\"elementor-widget-container\">\n\t\t\t\t\t<h2 class=\"elementor-heading-title elementor-size-default\">Nous sommes la solution pour d\u00e9velopper votre entreprise avec succ\u00e8s en France<\/h2>\t\t\t\t<\/div>\n\t\t\t\t<\/div>\n\t\t\t\t\t<\/div>\n\t\t<\/div>\n\t\t\t\t<div class=\"elementor-column elementor-col-33 elementor-top-column elementor-element elementor-element-adf802b\" data-id=\"adf802b\" data-element_type=\"column\">\n\t\t\t<div class=\"elementor-widget-wrap elementor-element-populated\">\n\t\t\t\t\t\t<div class=\"elementor-element elementor-element-c36171b elementor-widget elementor-widget-text-editor\" data-id=\"c36171b\" data-element_type=\"widget\" data-widget_type=\"text-editor.default\">\n\t\t\t\t<div class=\"elementor-widget-container\">\n\t\t\t\t\t\t\t\t\t<p>Nous avons fond\u00e9 TPC ABOGADOS\/AVOCATS il y a pr\u00e8s d\u2019une d\u00e9cennie dans le but de conseiller des entreprises espagnoles et latino-am\u00e9ricaines pour d\u00e9velopper des affaires en France. Pour ce faire, nous disposons de bureaux \u00e0 Madrid et \u00e0 Paris et d\u2019une \u00e9quipe d\u2019avocats et de collaborateurs bilingues et de double formation dans les deux pays.<\/p>\t\t\t\t\t\t\t\t<\/div>\n\t\t\t\t<\/div>\n\t\t\t\t<div class=\"elementor-element elementor-element-ed8272b elementor-widget elementor-widget-spacer\" data-id=\"ed8272b\" data-element_type=\"widget\" data-widget_type=\"spacer.default\">\n\t\t\t\t<div class=\"elementor-widget-container\">\n\t\t\t\t\t\t\t<div class=\"elementor-spacer\">\n\t\t\t<div class=\"elementor-spacer-inner\"><\/div>\n\t\t<\/div>\n\t\t\t\t\t\t<\/div>\n\t\t\t\t<\/div>\n\t\t\t\t<div class=\"elementor-element elementor-element-d731478 elementor-widget elementor-widget-text-editor\" data-id=\"d731478\" data-element_type=\"widget\" data-widget_type=\"text-editor.default\">\n\t\t\t\t<div class=\"elementor-widget-container\">\n\t\t\t\t\t\t\t\t\t<p>Nous sommes une boutique l\u00e9gale \u00e0 vocation internationale, et nous nous diff\u00e9rencions par notre relation exclusive et directe avec nos clients. Notre expertise juridique compl\u00e8te en France combine avec notre exp\u00e9rience d\u2019entreprise, \u00e9tant le partenaire id\u00e9al pour les entreprises multisectorielles, des licornes am\u00e9ricaines, les franchises internationales, les grandes entreprises de l\u2019\u00e9nergie et de la construction ou des entrepreneurs et PME qui misent sur l\u2019internationalisation.<\/p>\t\t\t\t\t\t\t\t<\/div>\n\t\t\t\t<\/div>\n\t\t\t\t\t<\/div>\n\t\t<\/div>\n\t\t\t\t<div class=\"elementor-column elementor-col-33 elementor-top-column elementor-element elementor-element-22cde8d\" data-id=\"22cde8d\" data-element_type=\"column\">\n\t\t\t<div class=\"elementor-widget-wrap elementor-element-populated\">\n\t\t\t\t\t\t<div class=\"elementor-element elementor-element-08f91f8 elementor-widget elementor-widget-text-editor\" data-id=\"08f91f8\" data-element_type=\"widget\" data-widget_type=\"text-editor.default\">\n\t\t\t\t<div class=\"elementor-widget-container\">\n\t\t\t\t\t\t\t\t\t<p>Domaines d\u2019action : droit des soci\u00e9t\u00e9s (constitution, approbation des comptes annuels, liquidations et concours,&#8230; ), droit commercial (contrats de distribution, agence, commission-affiliation, de franchise, de prestation de services, transferts de fonds de commerces, contentieux commerciaux&#8230; ) et droit du travail (contrats, licenciements, d\u00e9tachement intracommunautaire des travailleurs, contentieux du travail&#8230; ) et des n\u00e9gociations commerciales internationales dans diff\u00e9rents pays.<\/p>\t\t\t\t\t\t\t\t<\/div>\n\t\t\t\t<\/div>\n\t\t\t\t<div class=\"elementor-element elementor-element-60b0311 elementor-widget elementor-widget-spacer\" data-id=\"60b0311\" data-element_type=\"widget\" data-widget_type=\"spacer.default\">\n\t\t\t\t<div class=\"elementor-widget-container\">\n\t\t\t\t\t\t\t<div class=\"elementor-spacer\">\n\t\t\t<div class=\"elementor-spacer-inner\"><\/div>\n\t\t<\/div>\n\t\t\t\t\t\t<\/div>\n\t\t\t\t<\/div>\n\t\t\t\t<div class=\"elementor-element elementor-element-dd83938 elementor-widget elementor-widget-text-editor\" data-id=\"dd83938\" data-element_type=\"widget\" data-widget_type=\"text-editor.default\">\n\t\t\t\t<div class=\"elementor-widget-container\">\n\t\t\t\t\t\t\t\t\t<p dir=\"ltr\">Teresa P\u00e9rez Cruz<\/p>\t\t\t\t\t\t\t\t<\/div>\n\t\t\t\t<\/div>\n\t\t\t\t<div class=\"elementor-element elementor-element-1d3fcd8 elementor-widget elementor-widget-image\" data-id=\"1d3fcd8\" data-element_type=\"widget\" data-widget_type=\"image.default\">\n\t\t\t\t<div class=\"elementor-widget-container\">\n\t\t\t\t\t\t\t\t\t\t\t\t\t\t\t<img decoding=\"async\" width=\"143\" height=\"39\" src=\"https:\/\/tpcabogados.com\/wp-content\/uploads\/2023\/05\/firma.png\" class=\"attachment-full size-full wp-image-1715\" alt=\"\" \/>\t\t\t\t\t\t\t\t\t\t\t\t\t\t\t<\/div>\n\t\t\t\t<\/div>\n\t\t\t\t\t<\/div>\n\t\t<\/div>\n\t\t\t\t\t<\/div>\n\t\t<\/section>\n\t\t\t\t<section class=\"elementor-section elementor-top-section elementor-element elementor-element-2f5e869 elementor-section-full_width img-movil-despacho elementor-section-height-default elementor-section-height-default parallax_section_no qode_elementor_container_no\" data-id=\"2f5e869\" data-element_type=\"section\" data-settings=\"{&quot;background_background&quot;:&quot;classic&quot;}\">\n\t\t\t\t\t\t<div class=\"elementor-container elementor-column-gap-default\">\n\t\t\t\t\t<div class=\"elementor-column elementor-col-100 elementor-top-column elementor-element elementor-element-685631e\" data-id=\"685631e\" data-element_type=\"column\">\n\t\t\t<div class=\"elementor-widget-wrap elementor-element-populated\">\n\t\t\t\t\t\t<section class=\"elementor-section elementor-inner-section elementor-element elementor-element-462d180 elementor-section-full_width qode_elementor_container_inner elementor-section-height-default elementor-section-height-default parallax_section_no\" data-id=\"462d180\" data-element_type=\"section\">\n\t\t\t\t\t\t<div class=\"elementor-container elementor-column-gap-default\">\n\t\t\t\t\t<div class=\"elementor-column elementor-col-50 elementor-inner-column elementor-element elementor-element-0e6b1e4 elementor-hidden-tablet elementor-hidden-mobile\" data-id=\"0e6b1e4\" data-element_type=\"column\">\n\t\t\t<div class=\"elementor-widget-wrap\">\n\t\t\t\t\t\t\t<\/div>\n\t\t<\/div>\n\t\t\t\t<div class=\"elementor-column elementor-col-50 elementor-inner-column elementor-element elementor-element-f248f57\" data-id=\"f248f57\" data-element_type=\"column\">\n\t\t\t<div class=\"elementor-widget-wrap elementor-element-populated\">\n\t\t\t\t\t\t<div class=\"elementor-element elementor-element-c637ba7 elementor-widget elementor-widget-heading\" data-id=\"c637ba7\" data-element_type=\"widget\" data-widget_type=\"heading.default\">\n\t\t\t\t<div class=\"elementor-widget-container\">\n\t\t\t\t\t<h2 class=\"elementor-heading-title elementor-size-default\">Teresa P\u00e9rez Cruz, fondatrice.<\/h2>\t\t\t\t<\/div>\n\t\t\t\t<\/div>\n\t\t\t\t<div class=\"elementor-element elementor-element-533412b elementor-widget elementor-widget-text-editor\" data-id=\"533412b\" data-element_type=\"widget\" data-widget_type=\"text-editor.default\">\n\t\t\t\t<div class=\"elementor-widget-container\">\n\t\t\t\t\t\t\t\t\t<p>Dipl\u00f4m\u00e9e en droit et en \u00e9tudes commerciales de l&rsquo;Universidad Pontificia Comillas (ICADE, Madrid), et titulaire d&rsquo;un LL.M. en droit commercial fran\u00e7ais, europ\u00e9en et international de l&rsquo;Universit\u00e9 Panth\u00e9on-Assas (Paris 2).<\/p>\t\t\t\t\t\t\t\t<\/div>\n\t\t\t\t<\/div>\n\t\t\t\t<div class=\"elementor-element elementor-element-ebbf99b elementor-widget elementor-widget-spacer\" data-id=\"ebbf99b\" data-element_type=\"widget\" data-widget_type=\"spacer.default\">\n\t\t\t\t<div class=\"elementor-widget-container\">\n\t\t\t\t\t\t\t<div class=\"elementor-spacer\">\n\t\t\t<div class=\"elementor-spacer-inner\"><\/div>\n\t\t<\/div>\n\t\t\t\t\t\t<\/div>\n\t\t\t\t<\/div>\n\t\t\t\t<div class=\"elementor-element elementor-element-6926288 elementor-widget elementor-widget-text-editor\" data-id=\"6926288\" data-element_type=\"widget\" data-widget_type=\"text-editor.default\">\n\t\t\t\t<div class=\"elementor-widget-container\">\n\t\t\t\t\t\t\t\t\t<p>Apr\u00e8s avoir travaill\u00e9 dans plusieurs cabinets d&rsquo;avocats en France, elle a fond\u00e9 son propre cabinet en 2015, conseillant ses clients en anglais, fran\u00e7ais, italien et espagnol. Elle est membre du Barreau de Santa Cruz de Tenerife et du Barreau de Paris, elle collabore r\u00e9guli\u00e8rement au magazine juridique Law&amp;Trends et \u00e0 d&rsquo;autres m\u00e9dias sur des questions juridiques li\u00e9es \u00e0 la France.<\/p>\t\t\t\t\t\t\t\t<\/div>\n\t\t\t\t<\/div>\n\t\t\t\t\t<\/div>\n\t\t<\/div>\n\t\t\t\t\t<\/div>\n\t\t<\/section>\n\t\t\t\t\t<\/div>\n\t\t<\/div>\n\t\t\t\t\t<\/div>\n\t\t<\/section>\n\t\t\t\t<section class=\"elementor-section elementor-top-section elementor-element elementor-element-42cc75d elementor-section-full_width qode_elementor_container_inner elementor-section-height-default elementor-section-height-default parallax_section_no\" data-id=\"42cc75d\" data-element_type=\"section\">\n\t\t\t\t\t\t<div class=\"elementor-container elementor-column-gap-default\">\n\t\t\t\t\t<div class=\"elementor-column elementor-col-25 elementor-top-column elementor-element elementor-element-74e034c\" data-id=\"74e034c\" data-element_type=\"column\">\n\t\t\t<div class=\"elementor-widget-wrap elementor-element-populated\">\n\t\t\t\t\t\t<div class=\"elementor-element elementor-element-729fec8 componente-equipo elementor-widget elementor-widget-bridge_team\" data-id=\"729fec8\" data-element_type=\"widget\" data-widget_type=\"bridge_team.default\">\n\t\t\t\t<div class=\"elementor-widget-container\">\n\t\t\t\t\t<div class='q_team' style='background-color:rgba(2, 1, 1, 0);'><div class='q_team_inner'><div class='q_team_image'><img itemprop='image' src='https:\/\/tpcabogados.com\/wp-content\/uploads\/2023\/05\/teresa-perez-cruz.jpg' alt='' \/><div class='q_team_description_wrapper'><div class='q_team_description'><div class='q_team_description_inner'><p>Dipl\u00f4m\u00e9 en droit et en \u00e9tudes commerciales de l'Universidad Pontificia Comillas (ICADE, Madrid), et titulaire d'un LL.M. en droit commercial fran\u00e7ais, europ\u00e9en et international de l'Universit\u00e9 Panth\u00e9on-Assas (Paris 2).<\/p><\/div><\/div><\/div><\/div><div class='q_team_text' ><div class='q_team_text_inner'><div class='q_team_title_holder'><h4 class='q_team_name' style = ''>Teresa P\u00e9rez Cruz<\/h4><span style = 'color: #C6C6C6;'>Avocate - Fondatrice<\/span><\/div><\/div><div class='q_team_social_holder'><\/div><\/div><\/div><\/div>\t\t\t\t<\/div>\n\t\t\t\t<\/div>\n\t\t\t\t\t<\/div>\n\t\t<\/div>\n\t\t\t\t<div class=\"elementor-column elementor-col-25 elementor-top-column elementor-element elementor-element-252e9a4\" data-id=\"252e9a4\" data-element_type=\"column\">\n\t\t\t<div class=\"elementor-widget-wrap elementor-element-populated\">\n\t\t\t\t\t\t<div class=\"elementor-element elementor-element-6764be6 componente-equipo elementor-widget elementor-widget-bridge_team\" data-id=\"6764be6\" data-element_type=\"widget\" data-widget_type=\"bridge_team.default\">\n\t\t\t\t<div class=\"elementor-widget-container\">\n\t\t\t\t\t<div class='q_team' style='background-color:rgba(2, 1, 1, 0);'><div class='q_team_inner'><div class='q_team_image'><img itemprop='image' src='https:\/\/tpcabogados.com\/wp-content\/uploads\/2023\/05\/Irene.jpg' alt='' \/><div class='q_team_description_wrapper'><div class='q_team_description'><div class='q_team_description_inner'><p>Dipl\u00f4me de droit de l'Universit\u00e9 autonome de Madrid et de l'Universit\u00e9 de Strasbourg (Master 1 en droit europ\u00e9en et Master 2 en droit commercial international et europ\u00e9en), elle parle espagnol, fran\u00e7ais et anglais.<\/p><\/div><\/div><\/div><\/div><div class='q_team_text' ><div class='q_team_text_inner'><div class='q_team_title_holder'><h4 class='q_team_name' style = ''>Irene L\u00f3pez<\/h4><span style = 'color: #C6C6C6;'>Avocate<\/span><\/div><\/div><div class='q_team_social_holder'><\/div><\/div><\/div><\/div>\t\t\t\t<\/div>\n\t\t\t\t<\/div>\n\t\t\t\t\t<\/div>\n\t\t<\/div>\n\t\t\t\t<div class=\"elementor-column elementor-col-25 elementor-top-column elementor-element elementor-element-7aa3767\" data-id=\"7aa3767\" data-element_type=\"column\">\n\t\t\t<div class=\"elementor-widget-wrap elementor-element-populated\">\n\t\t\t\t\t\t<div class=\"elementor-element elementor-element-a0d7437 componente-equipo elementor-widget elementor-widget-bridge_team\" data-id=\"a0d7437\" data-element_type=\"widget\" data-widget_type=\"bridge_team.default\">\n\t\t\t\t<div class=\"elementor-widget-container\">\n\t\t\t\t\t<div class='q_team' style='background-color:rgba(2, 1, 1, 0);'><div class='q_team_inner'><div class='q_team_image'><img itemprop='image' src='https:\/\/tpcabogados.com\/wp-content\/uploads\/2023\/05\/karine.jpg' alt='' \/><div class='q_team_description_wrapper'><div class='q_team_description'><div class='q_team_description_inner'><p>Membre du Barreau de Paris et du Barreau de Madrid. Il est titulaire d'un LLM en droit international de l'ISDE Madrid et d'un dipl\u00f4me en droit des affaires et des nouvelles technologies en France.<\/p><\/div><\/div><\/div><\/div><div class='q_team_text' ><div class='q_team_text_inner'><div class='q_team_title_holder'><h4 class='q_team_name' style = ''>Karine Mazand<\/h4><span style = 'color: #C6C6C6;'>Avocate<\/span><\/div><\/div><div class='q_team_social_holder'><\/div><\/div><\/div><\/div>\t\t\t\t<\/div>\n\t\t\t\t<\/div>\n\t\t\t\t\t<\/div>\n\t\t<\/div>\n\t\t\t\t<div class=\"elementor-column elementor-col-25 elementor-top-column elementor-element elementor-element-a2ec80f\" data-id=\"a2ec80f\" data-element_type=\"column\">\n\t\t\t<div class=\"elementor-widget-wrap elementor-element-populated\">\n\t\t\t\t\t\t<div class=\"elementor-element elementor-element-24b1204 componente-equipo elementor-widget elementor-widget-bridge_team\" data-id=\"24b1204\" data-element_type=\"widget\" data-widget_type=\"bridge_team.default\">\n\t\t\t\t<div class=\"elementor-widget-container\">\n\t\t\t\t\t<div class='q_team' style='background-color:rgba(2, 1, 1, 0);'><div class='q_team_inner'><div class='q_team_image'><img itemprop='image' src='https:\/\/tpcabogados.com\/wp-content\/uploads\/2023\/05\/victoria.jpg' alt='' \/><div class='q_team_description_wrapper'><div class='q_team_description'><div class='q_team_description_inner'><p>Dipl\u00f4m\u00e9e en organisation touristique et \u00e9v\u00e9nementielle, elle est experte dans le traitement des d\u00e9tachements de salari\u00e9s au sein de l'UE et dans les questions d'organisation et de gestion de bureau.<\/p><\/div><\/div><\/div><\/div><div class='q_team_text' ><div class='q_team_text_inner'><div class='q_team_title_holder'><h4 class='q_team_name' style = ''>Victoria Afonso<\/h4><span style = 'color: #C6C6C6;'>Paralegal<\/span><\/div><\/div><div class='q_team_social_holder'><\/div><\/div><\/div><\/div>\t\t\t\t<\/div>\n\t\t\t\t<\/div>\n\t\t\t\t\t<\/div>\n\t\t<\/div>\n\t\t\t\t\t<\/div>\n\t\t<\/section>\n\t\t\t\t<\/div>\n\t\t","protected":false},"excerpt":{"rendered":"<p>Nous sommes la solution pour d\u00e9velopper votre entreprise avec succ\u00e8s en France Nous avons fond\u00e9 TPC ABOGADOS\/AVOCATS il y a pr\u00e8s d\u2019une d\u00e9cennie dans le but de conseiller des entreprises espagnoles et latino-am\u00e9ricaines pour d\u00e9velopper des affaires en France. Pour ce faire, nous disposons de&#8230;<\/p>\n","protected":false},"author":3,"featured_media":0,"parent":0,"menu_order":0,"comment_status":"closed","ping_status":"closed","template":"full_width.php","meta":{"_monsterinsights_skip_tracking":false,"_monsterinsights_sitenote_active":false,"_monsterinsights_sitenote_note":"","_monsterinsights_sitenote_category":0,"footnotes":""},"class_list":["post-1830","page","type-page","status-publish","hentry"],"yoast_head":"<!-- This site is optimized with the Yoast SEO plugin v26.6 - https:\/\/yoast.com\/wordpress\/plugins\/seo\/ -->\n<title>Bureau | TPC Abogados \/ Avocats<\/title>\n<meta name=\"description\" content=\"Nous sommes une boutique l\u00e9gale \u00e0 vocation internationale et on se distingue par une relation exclusive et directe avec nos clients.\" \/>\n<meta name=\"robots\" content=\"index, follow, max-snippet:-1, max-image-preview:large, max-video-preview:-1\" \/>\n<link rel=\"canonical\" href=\"https:\/\/tpcabogados.com\/fr\/bureau\/\" \/>\n<meta property=\"og:locale\" content=\"fr_FR\" \/>\n<meta property=\"og:type\" content=\"article\" \/>\n<meta property=\"og:title\" content=\"Bureau | TPC Abogados \/ Avocats\" \/>\n<meta property=\"og:description\" content=\"Nous sommes une boutique l\u00e9gale \u00e0 vocation internationale et on se distingue par une relation exclusive et directe avec nos clients.\" \/>\n<meta property=\"og:url\" content=\"https:\/\/tpcabogados.com\/fr\/bureau\/\" \/>\n<meta property=\"og:site_name\" content=\"TPC Abogados\" \/>\n<meta property=\"article:modified_time\" content=\"2023-06-12T07:36:56+00:00\" \/>\n<meta property=\"og:image\" content=\"https:\/\/tpcabogados.com\/wp-content\/uploads\/2023\/05\/tpc-abogados-rrss-2.jpg\" \/>\n\t<meta property=\"og:image:width\" content=\"1200\" \/>\n\t<meta property=\"og:image:height\" content=\"675\" \/>\n\t<meta property=\"og:image:type\" content=\"image\/jpeg\" \/>\n<meta name=\"twitter:card\" content=\"summary_large_image\" \/>\n<meta name=\"twitter:title\" content=\"Bureau | TPC Abogados \/ Avocats\" \/>\n<meta name=\"twitter:description\" content=\"Nous sommes une boutique l\u00e9gale \u00e0 vocation internationale et on se distingue par une relation exclusive et directe avec nos clients.\" \/>\n<meta name=\"twitter:image\" content=\"https:\/\/tpcabogados.com\/wp-content\/uploads\/2023\/05\/tpc-abogados-rrss-2.jpg\" \/>\n<script type=\"application\/ld+json\" class=\"yoast-schema-graph\">{\"@context\":\"https:\/\/schema.org\",\"@graph\":[{\"@type\":\"WebPage\",\"@id\":\"https:\/\/tpcabogados.com\/fr\/bureau\/\",\"url\":\"https:\/\/tpcabogados.com\/fr\/bureau\/\",\"name\":\"Bureau | TPC Abogados \/ Avocats\",\"isPartOf\":{\"@id\":\"https:\/\/tpcabogados.com\/fr\/#website\"},\"primaryImageOfPage\":{\"@id\":\"https:\/\/tpcabogados.com\/fr\/bureau\/#primaryimage\"},\"image\":{\"@id\":\"https:\/\/tpcabogados.com\/fr\/bureau\/#primaryimage\"},\"thumbnailUrl\":\"http:\/\/tpcabogados.com\/wp-content\/uploads\/2023\/05\/firma.png\",\"datePublished\":\"2020-02-05T10:18:06+00:00\",\"dateModified\":\"2023-06-12T07:36:56+00:00\",\"description\":\"Nous sommes une boutique l\u00e9gale \u00e0 vocation internationale et on se distingue par une relation exclusive et directe avec nos clients.\",\"breadcrumb\":{\"@id\":\"https:\/\/tpcabogados.com\/fr\/bureau\/#breadcrumb\"},\"inLanguage\":\"fr-FR\",\"potentialAction\":[{\"@type\":\"ReadAction\",\"target\":[\"https:\/\/tpcabogados.com\/fr\/bureau\/\"]}]},{\"@type\":\"ImageObject\",\"inLanguage\":\"fr-FR\",\"@id\":\"https:\/\/tpcabogados.com\/fr\/bureau\/#primaryimage\",\"url\":\"http:\/\/tpcabogados.com\/wp-content\/uploads\/2023\/05\/firma.png\",\"contentUrl\":\"http:\/\/tpcabogados.com\/wp-content\/uploads\/2023\/05\/firma.png\"},{\"@type\":\"BreadcrumbList\",\"@id\":\"https:\/\/tpcabogados.com\/fr\/bureau\/#breadcrumb\",\"itemListElement\":[{\"@type\":\"ListItem\",\"position\":1,\"name\":\"Portada\",\"item\":\"https:\/\/tpcabogados.com\/fr\/\"},{\"@type\":\"ListItem\",\"position\":2,\"name\":\"Bureau\"}]},{\"@type\":\"WebSite\",\"@id\":\"https:\/\/tpcabogados.com\/fr\/#website\",\"url\":\"https:\/\/tpcabogados.com\/fr\/\",\"name\":\"TPC Abogados\",\"description\":\"Desarrollamos tu negocio con asesoramiento jur\u00eddico biling\u00fce en Francia\",\"publisher\":{\"@id\":\"https:\/\/tpcabogados.com\/fr\/#organization\"},\"potentialAction\":[{\"@type\":\"SearchAction\",\"target\":{\"@type\":\"EntryPoint\",\"urlTemplate\":\"https:\/\/tpcabogados.com\/fr\/?s={search_term_string}\"},\"query-input\":{\"@type\":\"PropertyValueSpecification\",\"valueRequired\":true,\"valueName\":\"search_term_string\"}}],\"inLanguage\":\"fr-FR\"},{\"@type\":\"Organization\",\"@id\":\"https:\/\/tpcabogados.com\/fr\/#organization\",\"name\":\"TPC Abogados\",\"url\":\"https:\/\/tpcabogados.com\/fr\/\",\"logo\":{\"@type\":\"ImageObject\",\"inLanguage\":\"fr-FR\",\"@id\":\"https:\/\/tpcabogados.com\/fr\/#\/schema\/logo\/image\/\",\"url\":\"http:\/\/tpcabogados.com\/wp-content\/uploads\/2023\/05\/logo-tpc-abogados-black.png\",\"contentUrl\":\"http:\/\/tpcabogados.com\/wp-content\/uploads\/2023\/05\/logo-tpc-abogados-black.png\",\"width\":1391,\"height\":200,\"caption\":\"TPC Abogados\"},\"image\":{\"@id\":\"https:\/\/tpcabogados.com\/fr\/#\/schema\/logo\/image\/\"}}]}<\/script>\n<!-- \/ Yoast SEO plugin. -->","yoast_head_json":{"title":"Bureau | TPC Abogados \/ Avocats","description":"Nous sommes une boutique l\u00e9gale \u00e0 vocation internationale et on se distingue par une relation exclusive et directe avec nos clients.","robots":{"index":"index","follow":"follow","max-snippet":"max-snippet:-1","max-image-preview":"max-image-preview:large","max-video-preview":"max-video-preview:-1"},"canonical":"https:\/\/tpcabogados.com\/fr\/bureau\/","og_locale":"fr_FR","og_type":"article","og_title":"Bureau | TPC Abogados \/ Avocats","og_description":"Nous sommes une boutique l\u00e9gale \u00e0 vocation internationale et on se distingue par une relation exclusive et directe avec nos clients.","og_url":"https:\/\/tpcabogados.com\/fr\/bureau\/","og_site_name":"TPC Abogados","article_modified_time":"2023-06-12T07:36:56+00:00","og_image":[{"width":1200,"height":675,"url":"https:\/\/tpcabogados.com\/wp-content\/uploads\/2023\/05\/tpc-abogados-rrss-2.jpg","type":"image\/jpeg"}],"twitter_card":"summary_large_image","twitter_title":"Bureau | TPC Abogados \/ Avocats","twitter_description":"Nous sommes une boutique l\u00e9gale \u00e0 vocation internationale et on se distingue par une relation exclusive et directe avec nos clients.","twitter_image":"https:\/\/tpcabogados.com\/wp-content\/uploads\/2023\/05\/tpc-abogados-rrss-2.jpg","schema":{"@context":"https:\/\/schema.org","@graph":[{"@type":"WebPage","@id":"https:\/\/tpcabogados.com\/fr\/bureau\/","url":"https:\/\/tpcabogados.com\/fr\/bureau\/","name":"Bureau | TPC Abogados \/ Avocats","isPartOf":{"@id":"https:\/\/tpcabogados.com\/fr\/#website"},"primaryImageOfPage":{"@id":"https:\/\/tpcabogados.com\/fr\/bureau\/#primaryimage"},"image":{"@id":"https:\/\/tpcabogados.com\/fr\/bureau\/#primaryimage"},"thumbnailUrl":"http:\/\/tpcabogados.com\/wp-content\/uploads\/2023\/05\/firma.png","datePublished":"2020-02-05T10:18:06+00:00","dateModified":"2023-06-12T07:36:56+00:00","description":"Nous sommes une boutique l\u00e9gale \u00e0 vocation internationale et on se distingue par une relation exclusive et directe avec nos clients.","breadcrumb":{"@id":"https:\/\/tpcabogados.com\/fr\/bureau\/#breadcrumb"},"inLanguage":"fr-FR","potentialAction":[{"@type":"ReadAction","target":["https:\/\/tpcabogados.com\/fr\/bureau\/"]}]},{"@type":"ImageObject","inLanguage":"fr-FR","@id":"https:\/\/tpcabogados.com\/fr\/bureau\/#primaryimage","url":"http:\/\/tpcabogados.com\/wp-content\/uploads\/2023\/05\/firma.png","contentUrl":"http:\/\/tpcabogados.com\/wp-content\/uploads\/2023\/05\/firma.png"},{"@type":"BreadcrumbList","@id":"https:\/\/tpcabogados.com\/fr\/bureau\/#breadcrumb","itemListElement":[{"@type":"ListItem","position":1,"name":"Portada","item":"https:\/\/tpcabogados.com\/fr\/"},{"@type":"ListItem","position":2,"name":"Bureau"}]},{"@type":"WebSite","@id":"https:\/\/tpcabogados.com\/fr\/#website","url":"https:\/\/tpcabogados.com\/fr\/","name":"TPC Abogados","description":"Desarrollamos tu negocio con asesoramiento jur\u00eddico biling\u00fce en Francia","publisher":{"@id":"https:\/\/tpcabogados.com\/fr\/#organization"},"potentialAction":[{"@type":"SearchAction","target":{"@type":"EntryPoint","urlTemplate":"https:\/\/tpcabogados.com\/fr\/?s={search_term_string}"},"query-input":{"@type":"PropertyValueSpecification","valueRequired":true,"valueName":"search_term_string"}}],"inLanguage":"fr-FR"},{"@type":"Organization","@id":"https:\/\/tpcabogados.com\/fr\/#organization","name":"TPC Abogados","url":"https:\/\/tpcabogados.com\/fr\/","logo":{"@type":"ImageObject","inLanguage":"fr-FR","@id":"https:\/\/tpcabogados.com\/fr\/#\/schema\/logo\/image\/","url":"http:\/\/tpcabogados.com\/wp-content\/uploads\/2023\/05\/logo-tpc-abogados-black.png","contentUrl":"http:\/\/tpcabogados.com\/wp-content\/uploads\/2023\/05\/logo-tpc-abogados-black.png","width":1391,"height":200,"caption":"TPC Abogados"},"image":{"@id":"https:\/\/tpcabogados.com\/fr\/#\/schema\/logo\/image\/"}}]}},"_links":{"self":[{"href":"https:\/\/tpcabogados.com\/fr\/wp-json\/wp\/v2\/pages\/1830","targetHints":{"allow":["GET"]}}],"collection":[{"href":"https:\/\/tpcabogados.com\/fr\/wp-json\/wp\/v2\/pages"}],"about":[{"href":"https:\/\/tpcabogados.com\/fr\/wp-json\/wp\/v2\/types\/page"}],"author":[{"embeddable":true,"href":"https:\/\/tpcabogados.com\/fr\/wp-json\/wp\/v2\/users\/3"}],"replies":[{"embeddable":true,"href":"https:\/\/tpcabogados.com\/fr\/wp-json\/wp\/v2\/comments?post=1830"}],"version-history":[{"count":21,"href":"https:\/\/tpcabogados.com\/fr\/wp-json\/wp\/v2\/pages\/1830\/revisions"}],"predecessor-version":[{"id":2047,"href":"https:\/\/tpcabogados.com\/fr\/wp-json\/wp\/v2\/pages\/1830\/revisions\/2047"}],"wp:attachment":[{"href":"https:\/\/tpcabogados.com\/fr\/wp-json\/wp\/v2\/media?parent=1830"}],"curies":[{"name":"wp","href":"https:\/\/api.w.org\/{rel}","templated":true}]}}