{"id":1801,"date":"2020-01-31T10:42:54","date_gmt":"2020-01-31T09:42:54","guid":{"rendered":"http:\/\/tpcabogados.com\/aviso-legal\/"},"modified":"2023-05-31T09:41:51","modified_gmt":"2023-05-31T07:41:51","slug":"avis-juridique","status":"publish","type":"page","link":"https:\/\/tpcabogados.com\/fr\/avis-juridique\/","title":{"rendered":"Avis juridique"},"content":{"rendered":"\t\t<div data-elementor-type=\"wp-page\" data-elementor-id=\"1801\" class=\"elementor elementor-1801 elementor-302\">\n\t\t\t\t\t\t<section class=\"elementor-section elementor-top-section elementor-element elementor-element-3d2480c elementor-section-boxed elementor-section-height-default elementor-section-height-default parallax_section_no qode_elementor_container_no\" data-id=\"3d2480c\" data-element_type=\"section\">\n\t\t\t\t\t\t<div class=\"elementor-container elementor-column-gap-default\">\n\t\t\t\t\t<div class=\"elementor-column elementor-col-100 elementor-top-column elementor-element elementor-element-c560989\" data-id=\"c560989\" data-element_type=\"column\">\n\t\t\t<div class=\"elementor-widget-wrap elementor-element-populated\">\n\t\t\t\t\t\t<div class=\"elementor-element elementor-element-3fafcf7 legal elementor-widget elementor-widget-text-editor\" data-id=\"3fafcf7\" data-element_type=\"widget\" data-widget_type=\"text-editor.default\">\n\t\t\t\t<div class=\"elementor-widget-container\">\n\t\t\t\t\t\t\t\t\t<h2>Informations l\u00e9gales et acceptation<\/h2>\n<p>Le pr\u00e9sent avis l\u00e9gal r\u00e9git l&rsquo;acc\u00e8s et l&rsquo;utilisation du site web de TPC ABOGADOS\/AVOCATS (ci-apr\u00e8s, \u00ab\u00a0le site web\u00a0\u00bb), propri\u00e9t\u00e9 de Mar\u00eda Teresa P\u00e9rez Cruz (ci-apr\u00e8s, \u00ab\u00a0la titulaire\u00a0\u00bb), membre de l&rsquo;Ordre des Avocats de Santa Cruz de Tenerife, n\u00b0 5111 et membre de l&rsquo;Ordre des Avocats de Paris, n\u00b0 E0496.<br>Ce site web fournit des informations g\u00e9n\u00e9rales sur le cabinet TPC ABOGADOS\/AVOCATS et son contenu ne constitue pas une relation avocat-client.<br>Les services juridiques fournis par le cabinet en g\u00e9n\u00e9ral sont tarif\u00e9s comme indiqu\u00e9 dans la proposition de services professionnels correspondante et ne sont en aucun cas offerts ou fournis par le biais du service du site web.<br>L&rsquo;utilisateur doit consulter un avocat avant de prendre une d\u00e9cision ou d&rsquo;entreprendre une action sur la base des informations fournies sur ce site web.<br>L&rsquo;acc\u00e8s au site web et son utilisation conf\u00e8rent le statut d'\u00a0\u00bbutilisateur\u00a0\u00bb et impliquent l&rsquo;acceptation totale et sans r\u00e9serve de toutes les dispositions et conditions contenues dans le pr\u00e9sent avis juridique. Si l&rsquo;utilisateur n&rsquo;est pas d&rsquo;accord avec l&rsquo;une des conditions \u00e9nonc\u00e9es ici, il doit s&rsquo;abstenir d&rsquo;acc\u00e9der \u00e0 ce site web et de l&rsquo;utiliser.<br>Toute utilisation des informations de ce site, y compris les adresses \u00e9lectroniques susmentionn\u00e9es, pour transmettre, distribuer ou faciliter l&rsquo;envoi de courriers \u00e9lectroniques promotionnels ou d&rsquo;autres publicit\u00e9s \u00e0 l&rsquo;entreprise, ou \u00e0 l&rsquo;un de ses propri\u00e9taires ou collaborateurs, est interdite ; toute utilisation des informations de ce site dans ce sens constitue une violation des conditions d&rsquo;utilisation du site.<\/p>\n<h2><\/h2>\n<h2><br><\/h2>\n<h2>Propri\u00e9t\u00e9 intellectuelle<\/h2>\n<p>Tous les contenus du site Web, y compris, mais sans s&rsquo;y limiter, les textes, photographies, graphiques, images, ic\u00f4nes, technologies, logiciels, liens et autres contenus audiovisuels ou sonores, ainsi que sa conception graphique et ses codes sources (ci-apr\u00e8s, les \u00ab\u00a0contenus\u00a0\u00bb), sont la propri\u00e9t\u00e9 intellectuelle de Mar\u00eda Teresa P\u00e9rez Cruz ou de tiers ayant autoris\u00e9 leur utilisation, et aucun des droits d&rsquo;exploitation reconnus par la l\u00e9gislation en vigueur en mati\u00e8re de propri\u00e9t\u00e9 intellectuelle sur ceux-ci ne peut \u00eatre consid\u00e9r\u00e9 comme ayant \u00e9t\u00e9 transf\u00e9r\u00e9 \u00e0 l&rsquo;utilisateur du site Web.<br>Les marques, noms commerciaux ou signes distinctifs sont la propri\u00e9t\u00e9 de Mar\u00eda Teresa P\u00e9rez Cruz ou de tiers, et l&rsquo;acc\u00e8s au site Web ne peut \u00eatre interpr\u00e9t\u00e9 comme une attribution de droits sur les marques, noms commerciaux et\/ou signes distinctifs susmentionn\u00e9s.<\/p>\n<h2><br><\/h2>\n<h2>Utilisation du site web<\/h2>\n<p>L&rsquo;utilisateur du site web s&rsquo;engage \u00e0 utiliser le contenu conform\u00e9ment \u00e0 la loi et au pr\u00e9sent avis juridique.<br>\u00c0 titre d&rsquo;exemple, l&rsquo;utilisateur s&rsquo;abstiendra de:<br>a) Reproduire, copier, distribuer, mettre \u00e0 disposition, communiquer publiquement, transformer ou modifier les contenus, sauf dans les cas autoris\u00e9s par la loi ou express\u00e9ment consentis par TPC ABOGADOS\/AVOCATS;<br>b) Extraire et\/ou r\u00e9utiliser la totalit\u00e9 ou une partie substantielle du contenu que TPC ABOGADOS\/AVOCATS met \u00e0 la disposition des utilisateurs.<\/p>\n<h2><br><\/h2>\n<h2>Liens vers des tiers<\/h2>\n<p>Le site web peut contenir des liens vers des sites web de tiers. Ces liens sont fournis \u00e0 titre de r\u00e9f\u00e9rence uniquement et TPC ABOGADOS\/AVOCATS n&rsquo;est pas responsable du contenu ou de tout autre aspect li\u00e9 \u00e0 ces sites web. L&rsquo;inclusion de ces liens n&rsquo;implique pas une relation d&rsquo;association, d&rsquo;approbation ou d&rsquo;aval entre TPC ABOGADOS\/AVOCATS et les propri\u00e9taires de ces sites web.<\/p>\n<h2><br><\/h2>\n<h2>Responsabilit\u00e9<\/h2>\n<p>Les utilisateurs utilisent le site web \u00e0 leurs propres risques. TPC ABOGADOS\/AVOCATS n&rsquo;est pas responsable des dommages r\u00e9sultant de l&rsquo;acc\u00e8s, de l&rsquo;utilisation ou de la mauvaise utilisation du site web, y compris, mais sans s&rsquo;y limiter, ceux caus\u00e9s aux syst\u00e8mes informatiques ou ceux caus\u00e9s par des virus ou d&rsquo;autres \u00e9l\u00e9ments nuisibles, ni des probl\u00e8mes techniques pouvant survenir lors de la connexion \u00e0 Internet.<\/p>\n<h2><br><\/h2>\n<h2>Protection des donn\u00e9es personnelles<\/h2>\n<p>Le traitement des donn\u00e9es personnelles collect\u00e9es par le biais du site web est r\u00e9gi par notre politique de confidentialit\u00e9, qui est mise \u00e0 la disposition de l&rsquo;utilisateur sur le site web.<\/p>\n<h2><br><\/h2>\n<h2>Modifications<\/h2>\n<p>Le propri\u00e9taire se r\u00e9serve le droit de modifier, \u00e0 tout moment et sans pr\u00e9avis, le contenu et les conditions d&rsquo;acc\u00e8s du site web, ainsi que le pr\u00e9sent avis juridique.<\/p>\n<h2><br><\/h2>\n<h2>Droit applicable et juridiction<\/h2>\n<p>Le pr\u00e9sent avis juridique est r\u00e9gi par la l\u00e9gislation en vigueur en Espagne et tout litige relatif \u00e0 l&rsquo;utilisation du site sera soumis aux tribunaux comp\u00e9tents de Madrid.<br>Si vous avez des questions ou des interrogations concernant le pr\u00e9sent avis juridique, vous pouvez nous contacter aux coordonn\u00e9es indiqu\u00e9es sur le site web.<\/p>\n<p><br><\/p>\n<p>Date de la derni\u00e8re mise \u00e0 jour: 22 mai 2023<\/p>\t\t\t\t\t\t\t\t<\/div>\n\t\t\t\t<\/div>\n\t\t\t\t\t<\/div>\n\t\t<\/div>\n\t\t\t\t\t<\/div>\n\t\t<\/section>\n\t\t\t\t<\/div>\n\t\t","protected":false},"excerpt":{"rendered":"<p>Informations l\u00e9gales et acceptation Le pr\u00e9sent avis l\u00e9gal r\u00e9git l&rsquo;acc\u00e8s et l&rsquo;utilisation du site web de TPC ABOGADOS\/AVOCATS (ci-apr\u00e8s, \u00ab\u00a0le site web\u00a0\u00bb), propri\u00e9t\u00e9 de Mar\u00eda Teresa P\u00e9rez Cruz (ci-apr\u00e8s, \u00ab\u00a0la titulaire\u00a0\u00bb), membre de l&rsquo;Ordre des Avocats de Santa Cruz de Tenerife, n\u00b0 5111 et membre&#8230;<\/p>\n","protected":false},"author":3,"featured_media":0,"parent":0,"menu_order":0,"comment_status":"closed","ping_status":"closed","template":"","meta":{"_monsterinsights_skip_tracking":false,"_monsterinsights_sitenote_active":false,"_monsterinsights_sitenote_note":"","_monsterinsights_sitenote_category":0,"footnotes":""},"class_list":["post-1801","page","type-page","status-publish","hentry"],"yoast_head":"<!-- This site is optimized with the Yoast SEO plugin v26.6 - https:\/\/yoast.com\/wordpress\/plugins\/seo\/ -->\n<title>Avis juridique | TPC Abogados<\/title>\n<meta name=\"robots\" content=\"noindex, nofollow\" \/>\n<meta property=\"og:locale\" content=\"fr_FR\" \/>\n<meta property=\"og:type\" content=\"article\" \/>\n<meta property=\"og:title\" content=\"Avis juridique | TPC Abogados\" \/>\n<meta property=\"og:description\" content=\"Informations l\u00e9gales et acceptation Le pr\u00e9sent avis l\u00e9gal r\u00e9git l&rsquo;acc\u00e8s et l&rsquo;utilisation du site web de TPC ABOGADOS\/AVOCATS (ci-apr\u00e8s, \u00ab\u00a0le site web\u00a0\u00bb), propri\u00e9t\u00e9 de Mar\u00eda Teresa P\u00e9rez Cruz (ci-apr\u00e8s, \u00ab\u00a0la titulaire\u00a0\u00bb), membre de l&rsquo;Ordre des Avocats de Santa Cruz de Tenerife, n\u00b0 5111 et membre...\" \/>\n<meta property=\"og:url\" content=\"https:\/\/tpcabogados.com\/fr\/avis-juridique\/\" \/>\n<meta property=\"og:site_name\" content=\"TPC Abogados\" \/>\n<meta property=\"article:modified_time\" content=\"2023-05-31T07:41:51+00:00\" \/>\n<meta name=\"twitter:card\" content=\"summary_large_image\" \/>\n<script type=\"application\/ld+json\" class=\"yoast-schema-graph\">{\"@context\":\"https:\/\/schema.org\",\"@graph\":[{\"@type\":\"WebPage\",\"@id\":\"https:\/\/tpcabogados.com\/fr\/avis-juridique\/\",\"url\":\"https:\/\/tpcabogados.com\/fr\/avis-juridique\/\",\"name\":\"Avis juridique | TPC Abogados\",\"isPartOf\":{\"@id\":\"https:\/\/tpcabogados.com\/fr\/#website\"},\"datePublished\":\"2020-01-31T09:42:54+00:00\",\"dateModified\":\"2023-05-31T07:41:51+00:00\",\"breadcrumb\":{\"@id\":\"https:\/\/tpcabogados.com\/fr\/avis-juridique\/#breadcrumb\"},\"inLanguage\":\"fr-FR\",\"potentialAction\":[{\"@type\":\"ReadAction\",\"target\":[\"https:\/\/tpcabogados.com\/fr\/avis-juridique\/\"]}]},{\"@type\":\"BreadcrumbList\",\"@id\":\"https:\/\/tpcabogados.com\/fr\/avis-juridique\/#breadcrumb\",\"itemListElement\":[{\"@type\":\"ListItem\",\"position\":1,\"name\":\"Portada\",\"item\":\"https:\/\/tpcabogados.com\/fr\/\"},{\"@type\":\"ListItem\",\"position\":2,\"name\":\"Avis juridique\"}]},{\"@type\":\"WebSite\",\"@id\":\"https:\/\/tpcabogados.com\/fr\/#website\",\"url\":\"https:\/\/tpcabogados.com\/fr\/\",\"name\":\"TPC Abogados\",\"description\":\"Desarrollamos tu negocio con asesoramiento jur\u00eddico biling\u00fce en Francia\",\"publisher\":{\"@id\":\"https:\/\/tpcabogados.com\/fr\/#organization\"},\"potentialAction\":[{\"@type\":\"SearchAction\",\"target\":{\"@type\":\"EntryPoint\",\"urlTemplate\":\"https:\/\/tpcabogados.com\/fr\/?s={search_term_string}\"},\"query-input\":{\"@type\":\"PropertyValueSpecification\",\"valueRequired\":true,\"valueName\":\"search_term_string\"}}],\"inLanguage\":\"fr-FR\"},{\"@type\":\"Organization\",\"@id\":\"https:\/\/tpcabogados.com\/fr\/#organization\",\"name\":\"TPC Abogados\",\"url\":\"https:\/\/tpcabogados.com\/fr\/\",\"logo\":{\"@type\":\"ImageObject\",\"inLanguage\":\"fr-FR\",\"@id\":\"https:\/\/tpcabogados.com\/fr\/#\/schema\/logo\/image\/\",\"url\":\"http:\/\/tpcabogados.com\/wp-content\/uploads\/2023\/05\/logo-tpc-abogados-black.png\",\"contentUrl\":\"http:\/\/tpcabogados.com\/wp-content\/uploads\/2023\/05\/logo-tpc-abogados-black.png\",\"width\":1391,\"height\":200,\"caption\":\"TPC Abogados\"},\"image\":{\"@id\":\"https:\/\/tpcabogados.com\/fr\/#\/schema\/logo\/image\/\"}}]}<\/script>\n<!-- \/ Yoast SEO plugin. -->","yoast_head_json":{"title":"Avis juridique | TPC Abogados","robots":{"index":"noindex","follow":"nofollow"},"og_locale":"fr_FR","og_type":"article","og_title":"Avis juridique | TPC Abogados","og_description":"Informations l\u00e9gales et acceptation Le pr\u00e9sent avis l\u00e9gal r\u00e9git l&rsquo;acc\u00e8s et l&rsquo;utilisation du site web de TPC ABOGADOS\/AVOCATS (ci-apr\u00e8s, \u00ab\u00a0le site web\u00a0\u00bb), propri\u00e9t\u00e9 de Mar\u00eda Teresa P\u00e9rez Cruz (ci-apr\u00e8s, \u00ab\u00a0la titulaire\u00a0\u00bb), membre de l&rsquo;Ordre des Avocats de Santa Cruz de Tenerife, n\u00b0 5111 et membre...","og_url":"https:\/\/tpcabogados.com\/fr\/avis-juridique\/","og_site_name":"TPC Abogados","article_modified_time":"2023-05-31T07:41:51+00:00","twitter_card":"summary_large_image","schema":{"@context":"https:\/\/schema.org","@graph":[{"@type":"WebPage","@id":"https:\/\/tpcabogados.com\/fr\/avis-juridique\/","url":"https:\/\/tpcabogados.com\/fr\/avis-juridique\/","name":"Avis juridique | TPC Abogados","isPartOf":{"@id":"https:\/\/tpcabogados.com\/fr\/#website"},"datePublished":"2020-01-31T09:42:54+00:00","dateModified":"2023-05-31T07:41:51+00:00","breadcrumb":{"@id":"https:\/\/tpcabogados.com\/fr\/avis-juridique\/#breadcrumb"},"inLanguage":"fr-FR","potentialAction":[{"@type":"ReadAction","target":["https:\/\/tpcabogados.com\/fr\/avis-juridique\/"]}]},{"@type":"BreadcrumbList","@id":"https:\/\/tpcabogados.com\/fr\/avis-juridique\/#breadcrumb","itemListElement":[{"@type":"ListItem","position":1,"name":"Portada","item":"https:\/\/tpcabogados.com\/fr\/"},{"@type":"ListItem","position":2,"name":"Avis juridique"}]},{"@type":"WebSite","@id":"https:\/\/tpcabogados.com\/fr\/#website","url":"https:\/\/tpcabogados.com\/fr\/","name":"TPC Abogados","description":"Desarrollamos tu negocio con asesoramiento jur\u00eddico biling\u00fce en Francia","publisher":{"@id":"https:\/\/tpcabogados.com\/fr\/#organization"},"potentialAction":[{"@type":"SearchAction","target":{"@type":"EntryPoint","urlTemplate":"https:\/\/tpcabogados.com\/fr\/?s={search_term_string}"},"query-input":{"@type":"PropertyValueSpecification","valueRequired":true,"valueName":"search_term_string"}}],"inLanguage":"fr-FR"},{"@type":"Organization","@id":"https:\/\/tpcabogados.com\/fr\/#organization","name":"TPC Abogados","url":"https:\/\/tpcabogados.com\/fr\/","logo":{"@type":"ImageObject","inLanguage":"fr-FR","@id":"https:\/\/tpcabogados.com\/fr\/#\/schema\/logo\/image\/","url":"http:\/\/tpcabogados.com\/wp-content\/uploads\/2023\/05\/logo-tpc-abogados-black.png","contentUrl":"http:\/\/tpcabogados.com\/wp-content\/uploads\/2023\/05\/logo-tpc-abogados-black.png","width":1391,"height":200,"caption":"TPC Abogados"},"image":{"@id":"https:\/\/tpcabogados.com\/fr\/#\/schema\/logo\/image\/"}}]}},"_links":{"self":[{"href":"https:\/\/tpcabogados.com\/fr\/wp-json\/wp\/v2\/pages\/1801","targetHints":{"allow":["GET"]}}],"collection":[{"href":"https:\/\/tpcabogados.com\/fr\/wp-json\/wp\/v2\/pages"}],"about":[{"href":"https:\/\/tpcabogados.com\/fr\/wp-json\/wp\/v2\/types\/page"}],"author":[{"embeddable":true,"href":"https:\/\/tpcabogados.com\/fr\/wp-json\/wp\/v2\/users\/3"}],"replies":[{"embeddable":true,"href":"https:\/\/tpcabogados.com\/fr\/wp-json\/wp\/v2\/comments?post=1801"}],"version-history":[{"count":10,"href":"https:\/\/tpcabogados.com\/fr\/wp-json\/wp\/v2\/pages\/1801\/revisions"}],"predecessor-version":[{"id":2019,"href":"https:\/\/tpcabogados.com\/fr\/wp-json\/wp\/v2\/pages\/1801\/revisions\/2019"}],"wp:attachment":[{"href":"https:\/\/tpcabogados.com\/fr\/wp-json\/wp\/v2\/media?parent=1801"}],"curies":[{"name":"wp","href":"https:\/\/api.w.org\/{rel}","templated":true}]}}